{"id":1720,"date":"2021-07-30T00:19:53","date_gmt":"2021-07-29T22:19:53","guid":{"rendered":"https:\/\/mayacaffe.it\/zahlungspolitik\/"},"modified":"2021-07-30T00:21:01","modified_gmt":"2021-07-29T22:21:01","slug":"zahlungspolitik","status":"publish","type":"page","link":"https:\/\/mayacaffe.it\/de\/zahlungspolitik\/","title":{"rendered":"Zahlungsrichtlinien"},"content":{"rendered":"[vc_row type=&#8220;in_container&#8220; full_screen_row_position=&#8220;middle&#8220; column_margin=&#8220;default&#8220; column_direction=&#8220;default&#8220; column_direction_tablet=&#8220;default&#8220; column_direction_phone=&#8220;default&#8220; scene_position=&#8220;center&#8220; text_color=&#8220;dark&#8220; text_align=&#8220;left&#8220; row_border_radius=&#8220;none&#8220; row_border_radius_applies=&#8220;bg&#8220; overlay_strength=&#8220;0.3&#8243; gradient_direction=&#8220;left_to_right&#8220; shape_divider_position=&#8220;bottom&#8220; bg_image_animation=&#8220;none&#8220;][vc_column column_padding=&#8220;no-extra-padding&#8220; column_padding_tablet=&#8220;inherit&#8220; column_padding_phone=&#8220;inherit&#8220; column_padding_position=&#8220;all&#8220; background_color_opacity=&#8220;1&#8243; background_hover_color_opacity=&#8220;1&#8243; column_shadow=&#8220;none&#8220; column_border_radius=&#8220;none&#8220; column_link_target=&#8220;_self&#8220; gradient_direction=&#8220;left_to_right&#8220; overlay_strength=&#8220;0.3&#8243; width=&#8220;1\/1&#8243; tablet_width_inherit=&#8220;default&#8220; tablet_text_alignment=&#8220;default&#8220; phone_text_alignment=&#8220;default&#8220; column_border_width=&#8220;none&#8220; column_border_style=&#8220;solid&#8220; bg_image_animation=&#8220;none&#8220;][vc_column_text]\n<div class=\"nm-row nm-row-boxed vc_row wpb_row vc_custom_1432752631369\">\n<div class=\"nm_column wpb_column vc_column_container col-sm-9 col-lg-4\">\n<div class=\"vc_column-inner\">\n<div class=\"wpb_wrapper\">\n<div class=\"wpb_text_column wpb_content_element \">\n<div class=\"wpb_wrapper\">\n<h2>Zahlungen<\/h2>\n<\/div>\n<\/div>\n<div class=\"vc_empty_space\"><\/div>\n<\/div>\n<\/div>\n<\/div>\n<\/div>\n<div class=\"nm-row nm-row-boxed vc_row wpb_row vc_custom_1562180298920\">\n<div class=\"nm_column wpb_column vc_column_container col-sm-9 col-lg-3\">\n<div class=\"vc_column-inner\">\n<div class=\"wpb_wrapper\">\n<div class=\"wpb_text_column wpb_content_element \">\n<div class=\"wpb_wrapper\">\n<h4>Zahlungsarten<\/h4>\n<\/div>\n<\/div>\n<\/div>\n<\/div>\n<\/div>\n<div class=\"p_testo_pers nm_column wpb_column vc_column_container col-sm-9 col-lg-9 col-md-12\">\n<div class=\"vc_column-inner\">\n<div class=\"wpb_wrapper\">\n<div class=\"wpb_text_column wpb_content_element \">\n<div class=\"wpb_wrapper\">\n<p>Zahlungen k\u00f6nnen per Bank\u00fcberweisung, PayPal oder Kreditkarte \u00fcber PayPal erfolgen, auch Barzahlung ist in unserem Labor m\u00f6glich.<\/p>\n<p><strong>Bank\u00fcberweisung:<\/strong> alle \u00dcberweisungsgeb\u00fchren sind vom K\u00e4ufer zu tragen. Bestellungen werden erst nach Zahlungseingang auf dem Girokonto von Torrefazione Caff\u00e8 MAYA SAS di Rimoldi D &amp; C versandt.<\/p>\n<p><strong>PayPal:<\/strong> ist eine der sichersten M\u00f6glichkeiten, online zu bezahlen, Sie ben\u00f6tigen ein PayPal-Konto, um zu bezahlen.<\/p>\n<p><strong>Kreditkarte \u00fcber PayPal:<\/strong> ist eine der sichersten M\u00f6glichkeiten, online zu bezahlen, Sie ben\u00f6tigen kein PayPal-Konto, um mit Kreditkarte zu bezahlen.<\/p>\n<p><strong>Kasse:<\/strong> die Zahlung ist nur im gesetzlich zul\u00e4ssigen Rahmen zul\u00e4ssig.<\/p>\n<p>Hinweis: Alle Zahlungen mit Kredit- oder Debitkarte bed\u00fcrfen der Autorisierung durch den Kartenaussteller.<\/p>\n<\/div>\n<\/div>\n<\/div>\n<\/div>\n<\/div>\n<\/div>\n<div class=\"nm-row nm-row-boxed vc_row wpb_row vc_custom_1562180298920\">\n<div class=\"nm_column wpb_column vc_column_container col-sm-9 col-lg-3\">\n<div class=\"vc_column-inner\">\n<div class=\"wpb_wrapper\">\n<div class=\"wpb_text_column wpb_content_element \">\n<div class=\"wpb_wrapper\">\n<h4>Transaktions Geb\u00fchren<\/h4>\n<\/div>\n<\/div>\n<\/div>\n<\/div>\n<\/div>\n<div class=\"p_testo_pers nm_column wpb_column vc_column_container col-sm-9 col-lg-9 col-md-12\">\n<div class=\"vc_column-inner\">\n<div class=\"wpb_wrapper\">\n<div class=\"wpb_text_column wpb_content_element \">\n<div class=\"wpb_wrapper\">\n<p>Alle \u00dcberweisungsgeb\u00fchren sind vom K\u00e4ufer zu tragen.<\/p>\n<h4><strong>W\u00e4hrung<\/strong><\/h4>\n<p>Alle Preise auf der Website sind in Euro (EUR) und enthalten die gesetzliche Mehrwertsteuer.<\/p>\n<h4><strong>Preise<\/strong><\/h4>\n<p>Wir behalten uns das Recht vor, Preise ohne vorherige Ank\u00fcndigung zu \u00e4ndern.<br \/>\nDie Preisliste wird regelm\u00e4\u00dfig \u00fcberpr\u00fcft und kann sich jederzeit \u00e4ndern.<br \/>\nEs gelten die Preise zum Zeitpunkt der Bestellung w\u00e4hrend des gesamten Kaufvorgangs.<\/p>\n<p>Wir behalten uns das Recht vor, die Bestellung bei Software oder menschlichen Fehlern (z. B. Produkte mit offensichtlich falschen Preisen) zu stornieren.<br \/>\nWenn wir bei den von Ihnen bestellten Produkten einen Fehler im Preis feststellen, werden wir Sie so schnell wie m\u00f6glich benachrichtigen und Ihnen die M\u00f6glichkeit geben, die Bestellung zum richtigen Preis zu best\u00e4tigen oder zu stornieren.<\/p>\n<\/div>\n<\/div>\n<\/div>\n<\/div>\n<\/div>\n<\/div>\n<div class=\"nm-row nm-row-boxed vc_row wpb_row vc_custom_1562180298920\">\n<div class=\"nm_column wpb_column vc_column_container col-sm-9 col-lg-3\">\n<div class=\"vc_column-inner\">\n<div class=\"wpb_wrapper\">\n<div class=\"wpb_text_column wpb_content_element \">\n<div class=\"wpb_wrapper\">\n<h4>Verkaufsbedingungen<\/h4>\n<\/div>\n<\/div>\n<\/div>\n<\/div>\n<\/div>\n<div class=\"p_testo_pers nm_column wpb_column vc_column_container col-sm-9 col-lg-9 col-md-12\">\n<div class=\"vc_column-inner\">\n<div class=\"wpb_wrapper\">\n<div class=\"wpb_text_column wpb_content_element \">\n<div class=\"wpb_wrapper\">\n<p>Bestellungen werden erst nach Zahlungseingang versandt.<br \/>\nSobald Ihre Zahlung best\u00e4tigt wurde, wird Ihre Bestellung bearbeitet und versendet.<br \/>\nIhre Bestellung wird erst angenommen, wenn wir Ihnen eine Best\u00e4tigungs-E-Mail senden.<\/p>\n<\/div>\n<\/div>\n<\/div>\n<\/div>\n<\/div>\n<\/div>\n<div class=\"nm-row nm-row-boxed vc_row wpb_row vc_custom_1562180298920\">\n<div class=\"nm_column wpb_column vc_column_container col-sm-9 col-lg-3\">\n<div class=\"vc_column-inner\">\n<div class=\"wpb_wrapper\">\n<div class=\"wpb_text_column wpb_content_element \">\n<div class=\"wpb_wrapper\">\n<h4>Zoll<\/h4>\n<\/div>\n<\/div>\n<\/div>\n<\/div>\n<\/div>\n<div class=\"p_testo_pers nm_column wpb_column vc_column_container col-sm-9 col-lg-9 col-md-12\">\n<div class=\"vc_column-inner\">\n<div class=\"wpb_wrapper\">\n<div class=\"wpb_text_column wpb_content_element \">\n<div class=\"wpb_wrapper\">\n<p><strong>F\u00fcr L\u00e4nder au\u00dferhalb der EU<\/strong><br \/>\nBestellungen, die in L\u00e4nder au\u00dferhalb der Europ\u00e4ischen Union (EU) versandt werden, enthalten, je nach Bestimmungsland, ggf. die Mehrwertsteuer. Es k\u00f6nnen jedoch Einfuhrz\u00f6lle und \/ oder lokale Steuern anfallen, die erhoben werden, sobald das Paket Ihr Land erreicht.<br \/>\nDies bedeutet, dass der tats\u00e4chlich gezahlte Endbetrag nicht alle in Ihrem Land anfallenden Steuern und Abgaben ber\u00fccksichtigt.<br \/>\nDie genaue H\u00f6he der auf Ihre Bestellung anfallenden Geb\u00fchren und Steuern k\u00f6nnen wir Ihnen nicht mitteilen, da diese direkt vom Zollamt des Ziellandes an Sie belastet werden.<\/p>\n<\/div>\n<\/div>\n<\/div>\n<\/div>\n<\/div>\n<\/div>\n<div class=\"nm-row nm-row-boxed vc_row wpb_row vc_custom_1562180298920\">\n<div class=\"nm_column wpb_column vc_column_container col-sm-9 col-lg-3\">\n<div class=\"vc_column-inner\">\n<div class=\"wpb_wrapper\">\n<div class=\"wpb_text_column wpb_content_element \">\n<div class=\"wpb_wrapper\">\n<h4>Zahlungssicherheit<\/h4>\n<\/div>\n<\/div>\n<\/div>\n<\/div>\n<\/div>\n<div class=\"p_testo_pers nm_column wpb_column vc_column_container col-sm-9 col-lg-9 col-md-12\">\n<div class=\"vc_column-inner\">\n<div class=\"wpb_wrapper\">\n<div class=\"wpb_text_column wpb_content_element \">\n<div class=\"wpb_wrapper\">\n<p>Zahlungen per Kreditkarte und Paypal-Konto erfolgen \u00fcber die Paypal-Plattform, daher werden die Details der Kreditkarte und des Paypal-Kontos nicht in unserem System gespeichert.<\/p>\n<p>Siehe unsere Seite auf<a href=\"https:\/\/mayacaffe.it\/privacy-policy-2\/\"> Datenschutz-Bestimmungen<\/a> f\u00fcr Informationen dar\u00fcber, wie wir Ihre personenbezogenen Daten sch\u00fctzen und verwenden.<\/p>\n<\/div>\n<\/div>\n<\/div>\n<\/div>\n<\/div>\n<\/div>\n<div class=\"nm-row nm-row-boxed vc_row wpb_row vc_custom_1562180298920\">\n<div class=\"nm_column wpb_column vc_column_container col-sm-9 col-lg-3\">\n<div class=\"vc_column-inner\">\n<div class=\"wpb_wrapper\">\n<div class=\"wpb_text_column wpb_content_element \">\n<div class=\"wpb_wrapper\">\n<h4>Rabattcodes<\/h4>\n<\/div>\n<\/div>\n<\/div>\n<\/div>\n<\/div>\n<div class=\"p_testo_pers nm_column wpb_column vc_column_container col-sm-9 col-lg-9 col-md-12\">\n<div class=\"vc_column-inner\">\n<div class=\"wpb_wrapper\">\n<div class=\"wpb_text_column wpb_content_element \">\n<div class=\"wpb_wrapper\">\n<p>Wir behalten uns das Recht vor, jeden Aktionscode ohne vorherige Ank\u00fcndigung auszusetzen.<br \/>\nRabattcodes k\u00f6nnen nicht f\u00fcr Sale-Artikel eingel\u00f6st werden, sofern nicht anders angegeben.<\/p>\n<\/div>\n<\/div>\n<\/div>\n<\/div>\n<\/div>\n<\/div>\n[\/vc_column_text][\/vc_column][\/vc_row]\n","protected":false},"excerpt":{"rendered":"<p>[vc_row type=&#8220;in_container&#8220; full_screen_row_position=&#8220;middle&#8220; column_margin=&#8220;default&#8220; column_direction=&#8220;default&#8220; column_direction_tablet=&#8220;default&#8220; column_direction_phone=&#8220;default&#8220; scene_position=&#8220;center&#8220; text_color=&#8220;dark&#8220; text_align=&#8220;left&#8220; row_border_radius=&#8220;none&#8220; row_border_radius_applies=&#8220;bg&#8220; overlay_strength=&#8220;0.3&#8243; gradient_direction=&#8220;left_to_right&#8220; shape_divider_position=&#8220;bottom&#8220; bg_image_animation=&#8220;none&#8220;][vc_column column_padding=&#8220;no-extra-padding&#8220; column_padding_tablet=&#8220;inherit&#8220; column_padding_phone=&#8220;inherit&#8220; column_padding_position=&#8220;all&#8220; background_color_opacity=&#8220;1&#8243; background_hover_color_opacity=&#8220;1&#8243; column_shadow=&#8220;none&#8220; column_border_radius=&#8220;none&#8220; column_link_target=&#8220;_self&#8220; gradient_direction=&#8220;left_to_right&#8220; overlay_strength=&#8220;0.3&#8243; width=&#8220;1\/1&#8243; tablet_width_inherit=&#8220;default&#8220; tablet_text_alignment=&#8220;default&#8220;&#8230;<\/p>\n","protected":false},"author":1,"featured_media":0,"parent":0,"menu_order":0,"comment_status":"closed","ping_status":"closed","template":"","meta":{"footnotes":""},"class_list":["post-1720","page","type-page","status-publish"],"yoast_head":"<!-- This site is optimized with the Yoast SEO plugin v26.4 - https:\/\/yoast.com\/wordpress\/plugins\/seo\/ -->\n<title>Zahlungsrichtlinien - Caff\u00e8 Maya Como<\/title>\n<meta name=\"robots\" content=\"index, follow, max-snippet:-1, max-image-preview:large, max-video-preview:-1\" \/>\n<link rel=\"canonical\" href=\"https:\/\/mayacaffe.it\/de\/zahlungspolitik\/\" \/>\n<meta property=\"og:locale\" content=\"de_DE\" \/>\n<meta property=\"og:type\" content=\"article\" \/>\n<meta property=\"og:title\" content=\"Zahlungsrichtlinien - Caff\u00e8 Maya Como\" \/>\n<meta property=\"og:description\" content=\"[vc_row type=&#8220;in_container&#8220; full_screen_row_position=&#8220;middle&#8220; column_margin=&#8220;default&#8220; column_direction=&#8220;default&#8220; column_direction_tablet=&#8220;default&#8220; column_direction_phone=&#8220;default&#8220; scene_position=&#8220;center&#8220; text_color=&#8220;dark&#8220; text_align=&#8220;left&#8220; row_border_radius=&#8220;none&#8220; row_border_radius_applies=&#8220;bg&#8220; overlay_strength=&#8220;0.3&#8243; gradient_direction=&#8220;left_to_right&#8220; shape_divider_position=&#8220;bottom&#8220; bg_image_animation=&#8220;none&#8220;][vc_column column_padding=&#8220;no-extra-padding&#8220; column_padding_tablet=&#8220;inherit&#8220; column_padding_phone=&#8220;inherit&#8220; column_padding_position=&#8220;all&#8220; background_color_opacity=&#8220;1&#8243; background_hover_color_opacity=&#8220;1&#8243; column_shadow=&#8220;none&#8220; column_border_radius=&#8220;none&#8220; column_link_target=&#8220;_self&#8220; gradient_direction=&#8220;left_to_right&#8220; overlay_strength=&#8220;0.3&#8243; width=&#8220;1\/1&#8243; tablet_width_inherit=&#8220;default&#8220; tablet_text_alignment=&#8220;default&#8220;...\" \/>\n<meta property=\"og:url\" content=\"https:\/\/mayacaffe.it\/de\/zahlungspolitik\/\" \/>\n<meta property=\"og:site_name\" content=\"Caff\u00e8 Maya Como\" \/>\n<meta property=\"article:publisher\" content=\"https:\/\/www.facebook.com\/mayacaffecomo\/\" \/>\n<meta property=\"article:modified_time\" content=\"2021-07-29T22:21:01+00:00\" \/>\n<meta name=\"twitter:card\" content=\"summary_large_image\" \/>\n<meta name=\"twitter:label1\" content=\"Gesch\u00e4tzte Lesezeit\" \/>\n\t<meta name=\"twitter:data1\" content=\"3\u00a0Minuten\" \/>\n<script type=\"application\/ld+json\" class=\"yoast-schema-graph\">{\"@context\":\"https:\/\/schema.org\",\"@graph\":[{\"@type\":\"WebPage\",\"@id\":\"https:\/\/mayacaffe.it\/de\/zahlungspolitik\/\",\"url\":\"https:\/\/mayacaffe.it\/de\/zahlungspolitik\/\",\"name\":\"Zahlungsrichtlinien - Caff\u00e8 Maya Como\",\"isPartOf\":{\"@id\":\"https:\/\/mayacaffe.it\/de\/#website\"},\"datePublished\":\"2021-07-29T22:19:53+00:00\",\"dateModified\":\"2021-07-29T22:21:01+00:00\",\"breadcrumb\":{\"@id\":\"https:\/\/mayacaffe.it\/de\/zahlungspolitik\/#breadcrumb\"},\"inLanguage\":\"de\",\"potentialAction\":[{\"@type\":\"ReadAction\",\"target\":[\"https:\/\/mayacaffe.it\/de\/zahlungspolitik\/\"]}]},{\"@type\":\"BreadcrumbList\",\"@id\":\"https:\/\/mayacaffe.it\/de\/zahlungspolitik\/#breadcrumb\",\"itemListElement\":[{\"@type\":\"ListItem\",\"position\":1,\"name\":\"Home\",\"item\":\"https:\/\/mayacaffe.it\/de\/\"},{\"@type\":\"ListItem\",\"position\":2,\"name\":\"Zahlungsrichtlinien\"}]},{\"@type\":\"WebSite\",\"@id\":\"https:\/\/mayacaffe.it\/de\/#website\",\"url\":\"https:\/\/mayacaffe.it\/de\/\",\"name\":\"Caff\u00e8 Maya Como\",\"description\":\"Torrefazione di Produzione Artigianale Caff\u00e8 Maya Como\",\"publisher\":{\"@id\":\"https:\/\/mayacaffe.it\/de\/#organization\"},\"potentialAction\":[{\"@type\":\"SearchAction\",\"target\":{\"@type\":\"EntryPoint\",\"urlTemplate\":\"https:\/\/mayacaffe.it\/de\/?s={search_term_string}\"},\"query-input\":{\"@type\":\"PropertyValueSpecification\",\"valueRequired\":true,\"valueName\":\"search_term_string\"}}],\"inLanguage\":\"de\"},{\"@type\":\"Organization\",\"@id\":\"https:\/\/mayacaffe.it\/de\/#organization\",\"name\":\"Torrefazione Caff\u00e8 MAYA S.A.S di Rimoldi D & C\",\"url\":\"https:\/\/mayacaffe.it\/de\/\",\"logo\":{\"@type\":\"ImageObject\",\"inLanguage\":\"de\",\"@id\":\"https:\/\/mayacaffe.it\/de\/#\/schema\/logo\/image\/\",\"url\":\"https:\/\/mayacaffe.it\/wp-content\/uploads\/2020\/04\/logo-maya-tr.png\",\"contentUrl\":\"https:\/\/mayacaffe.it\/wp-content\/uploads\/2020\/04\/logo-maya-tr.png\",\"width\":198,\"height\":198,\"caption\":\"Torrefazione Caff\u00e8 MAYA S.A.S di Rimoldi D & C\"},\"image\":{\"@id\":\"https:\/\/mayacaffe.it\/de\/#\/schema\/logo\/image\/\"},\"sameAs\":[\"https:\/\/www.facebook.com\/mayacaffecomo\/\"]}]}<\/script>\n<!-- \/ Yoast SEO plugin. -->","yoast_head_json":{"title":"Zahlungsrichtlinien - Caff\u00e8 Maya Como","robots":{"index":"index","follow":"follow","max-snippet":"max-snippet:-1","max-image-preview":"max-image-preview:large","max-video-preview":"max-video-preview:-1"},"canonical":"https:\/\/mayacaffe.it\/de\/zahlungspolitik\/","og_locale":"de_DE","og_type":"article","og_title":"Zahlungsrichtlinien - Caff\u00e8 Maya Como","og_description":"[vc_row type=&#8220;in_container&#8220; full_screen_row_position=&#8220;middle&#8220; column_margin=&#8220;default&#8220; column_direction=&#8220;default&#8220; column_direction_tablet=&#8220;default&#8220; column_direction_phone=&#8220;default&#8220; scene_position=&#8220;center&#8220; text_color=&#8220;dark&#8220; text_align=&#8220;left&#8220; row_border_radius=&#8220;none&#8220; row_border_radius_applies=&#8220;bg&#8220; overlay_strength=&#8220;0.3&#8243; gradient_direction=&#8220;left_to_right&#8220; shape_divider_position=&#8220;bottom&#8220; bg_image_animation=&#8220;none&#8220;][vc_column column_padding=&#8220;no-extra-padding&#8220; column_padding_tablet=&#8220;inherit&#8220; column_padding_phone=&#8220;inherit&#8220; column_padding_position=&#8220;all&#8220; background_color_opacity=&#8220;1&#8243; background_hover_color_opacity=&#8220;1&#8243; column_shadow=&#8220;none&#8220; column_border_radius=&#8220;none&#8220; column_link_target=&#8220;_self&#8220; gradient_direction=&#8220;left_to_right&#8220; overlay_strength=&#8220;0.3&#8243; width=&#8220;1\/1&#8243; tablet_width_inherit=&#8220;default&#8220; tablet_text_alignment=&#8220;default&#8220;...","og_url":"https:\/\/mayacaffe.it\/de\/zahlungspolitik\/","og_site_name":"Caff\u00e8 Maya Como","article_publisher":"https:\/\/www.facebook.com\/mayacaffecomo\/","article_modified_time":"2021-07-29T22:21:01+00:00","twitter_card":"summary_large_image","twitter_misc":{"Gesch\u00e4tzte Lesezeit":"3\u00a0Minuten"},"schema":{"@context":"https:\/\/schema.org","@graph":[{"@type":"WebPage","@id":"https:\/\/mayacaffe.it\/de\/zahlungspolitik\/","url":"https:\/\/mayacaffe.it\/de\/zahlungspolitik\/","name":"Zahlungsrichtlinien - Caff\u00e8 Maya Como","isPartOf":{"@id":"https:\/\/mayacaffe.it\/de\/#website"},"datePublished":"2021-07-29T22:19:53+00:00","dateModified":"2021-07-29T22:21:01+00:00","breadcrumb":{"@id":"https:\/\/mayacaffe.it\/de\/zahlungspolitik\/#breadcrumb"},"inLanguage":"de","potentialAction":[{"@type":"ReadAction","target":["https:\/\/mayacaffe.it\/de\/zahlungspolitik\/"]}]},{"@type":"BreadcrumbList","@id":"https:\/\/mayacaffe.it\/de\/zahlungspolitik\/#breadcrumb","itemListElement":[{"@type":"ListItem","position":1,"name":"Home","item":"https:\/\/mayacaffe.it\/de\/"},{"@type":"ListItem","position":2,"name":"Zahlungsrichtlinien"}]},{"@type":"WebSite","@id":"https:\/\/mayacaffe.it\/de\/#website","url":"https:\/\/mayacaffe.it\/de\/","name":"Caff\u00e8 Maya Como","description":"Torrefazione di Produzione Artigianale Caff\u00e8 Maya Como","publisher":{"@id":"https:\/\/mayacaffe.it\/de\/#organization"},"potentialAction":[{"@type":"SearchAction","target":{"@type":"EntryPoint","urlTemplate":"https:\/\/mayacaffe.it\/de\/?s={search_term_string}"},"query-input":{"@type":"PropertyValueSpecification","valueRequired":true,"valueName":"search_term_string"}}],"inLanguage":"de"},{"@type":"Organization","@id":"https:\/\/mayacaffe.it\/de\/#organization","name":"Torrefazione Caff\u00e8 MAYA S.A.S di Rimoldi D & C","url":"https:\/\/mayacaffe.it\/de\/","logo":{"@type":"ImageObject","inLanguage":"de","@id":"https:\/\/mayacaffe.it\/de\/#\/schema\/logo\/image\/","url":"https:\/\/mayacaffe.it\/wp-content\/uploads\/2020\/04\/logo-maya-tr.png","contentUrl":"https:\/\/mayacaffe.it\/wp-content\/uploads\/2020\/04\/logo-maya-tr.png","width":198,"height":198,"caption":"Torrefazione Caff\u00e8 MAYA S.A.S di Rimoldi D & C"},"image":{"@id":"https:\/\/mayacaffe.it\/de\/#\/schema\/logo\/image\/"},"sameAs":["https:\/\/www.facebook.com\/mayacaffecomo\/"]}]}},"_links":{"self":[{"href":"https:\/\/mayacaffe.it\/de\/wp-json\/wp\/v2\/pages\/1720","targetHints":{"allow":["GET"]}}],"collection":[{"href":"https:\/\/mayacaffe.it\/de\/wp-json\/wp\/v2\/pages"}],"about":[{"href":"https:\/\/mayacaffe.it\/de\/wp-json\/wp\/v2\/types\/page"}],"author":[{"embeddable":true,"href":"https:\/\/mayacaffe.it\/de\/wp-json\/wp\/v2\/users\/1"}],"replies":[{"embeddable":true,"href":"https:\/\/mayacaffe.it\/de\/wp-json\/wp\/v2\/comments?post=1720"}],"version-history":[{"count":9,"href":"https:\/\/mayacaffe.it\/de\/wp-json\/wp\/v2\/pages\/1720\/revisions"}],"predecessor-version":[{"id":1760,"href":"https:\/\/mayacaffe.it\/de\/wp-json\/wp\/v2\/pages\/1720\/revisions\/1760"}],"wp:attachment":[{"href":"https:\/\/mayacaffe.it\/de\/wp-json\/wp\/v2\/media?parent=1720"}],"curies":[{"name":"wp","href":"https:\/\/api.w.org\/{rel}","templated":true}]}}