{"id":1754,"date":"2021-07-30T00:20:52","date_gmt":"2021-07-29T22:20:52","guid":{"rendered":"https:\/\/mayacaffe.it\/kehrt-zurueck\/"},"modified":"2021-07-30T00:21:02","modified_gmt":"2021-07-29T22:21:02","slug":"kehrt-zurueck","status":"publish","type":"page","link":"https:\/\/mayacaffe.it\/de\/kehrt-zurueck\/","title":{"rendered":"R\u00fcckgaberecht"},"content":{"rendered":"[vc_row type=&#8220;in_container&#8220; full_screen_row_position=&#8220;middle&#8220; column_margin=&#8220;default&#8220; column_direction=&#8220;default&#8220; column_direction_tablet=&#8220;default&#8220; column_direction_phone=&#8220;default&#8220; scene_position=&#8220;center&#8220; text_color=&#8220;dark&#8220; text_align=&#8220;left&#8220; row_border_radius=&#8220;none&#8220; row_border_radius_applies=&#8220;bg&#8220; overlay_strength=&#8220;0.3&#8243; gradient_direction=&#8220;left_to_right&#8220; shape_divider_position=&#8220;bottom&#8220; bg_image_animation=&#8220;none&#8220;][vc_column column_padding=&#8220;no-extra-padding&#8220; column_padding_tablet=&#8220;inherit&#8220; column_padding_phone=&#8220;inherit&#8220; column_padding_position=&#8220;all&#8220; background_color_opacity=&#8220;1&#8243; background_hover_color_opacity=&#8220;1&#8243; column_shadow=&#8220;none&#8220; column_border_radius=&#8220;none&#8220; column_link_target=&#8220;_self&#8220; gradient_direction=&#8220;left_to_right&#8220; overlay_strength=&#8220;0.3&#8243; width=&#8220;1\/1&#8243; tablet_width_inherit=&#8220;default&#8220; tablet_text_alignment=&#8220;default&#8220; phone_text_alignment=&#8220;default&#8220; column_border_width=&#8220;none&#8220; column_border_style=&#8220;solid&#8220; bg_image_animation=&#8220;none&#8220;][vc_column_text]\n<div class=\"nm-row nm-row-boxed vc_row wpb_row vc_custom_1432752631369\">\n<div class=\"nm_column wpb_column vc_column_container col-sm-9 col-lg-4\">\n<div class=\"vc_column-inner\">\n<div class=\"wpb_wrapper\">\n<div class=\"wpb_text_column wpb_content_element \">\n<div class=\"wpb_wrapper\">\n<h2>R\u00fcckgabe und Umtausch<\/h2>\n<\/div>\n<\/div>\n<div class=\"vc_empty_space\"><\/div>\n<\/div>\n<\/div>\n<\/div>\n<\/div>\n<div class=\"nm-row nm-row-boxed vc_row wpb_row vc_custom_1562180298920\">\n<div class=\"nm_column wpb_column vc_column_container col-sm-9 col-lg-3\">\n<div class=\"vc_column-inner\">\n<div class=\"wpb_wrapper\">\n<div class=\"wpb_text_column wpb_content_element \">\n<div class=\"wpb_wrapper\">\n<h4>Allgemeine R\u00fcckgaberichtlinien<\/h4>\n<\/div>\n<\/div>\n<\/div>\n<\/div>\n<\/div>\n<div class=\"p_testo_pers nm_column wpb_column vc_column_container col-sm-9 col-lg-9 col-md-12\">\n<div class=\"vc_column-inner\">\n<div class=\"wpb_wrapper\">\n<div class=\"wpb_text_column wpb_content_element \">\n<div class=\"wpb_wrapper\">\n<p>Alle auf der Website gekauften Produkte k\u00f6nnen innerhalb von 14 Werktagen ab dem Tag des Erhalts des Pakets zur\u00fcckgegeben oder umgetauscht werden.<\/p>\n<p>Es ist festgelegt, dass:<br \/>\n&#8211; Wir erstatten keine Rabatte, Gutscheine oder Sonderangebote.<br \/>\n&#8211; Bei der R\u00fccknahme anfallende Bank\u00fcberweisungsgeb\u00fchren werden gegebenenfalls erhoben.<br \/>\n&#8211; Bei Verlust des Pakets gibt es keine R\u00fcckerstattung.<br \/>\n&#8211; die Versandkosten tr\u00e4gt der Benutzer.<br \/>\nWir k\u00f6nnen nur die R\u00fcckgabe \/ den Umtausch von Produkten akzeptieren, die:<br \/>\nSie befinden sich in einem neuwertigen Zustand, unbenutzt, wurden nicht ver\u00e4ndert oder in irgendeiner Weise verwendet.<\/p>\n<\/div>\n<\/div>\n<\/div>\n<\/div>\n<\/div>\n<\/div>\n<div class=\"nm-row nm-row-boxed vc_row wpb_row vc_custom_1562180298920\">\n<div class=\"nm_column wpb_column vc_column_container col-sm-9 col-lg-3\">\n<div class=\"vc_column-inner\">\n<div class=\"wpb_wrapper\">\n<div class=\"wpb_text_column wpb_content_element \">\n<div class=\"wpb_wrapper\">\n<h4>So senden Sie einen Artikel zur\u00fcck<\/h4>\n<\/div>\n<\/div>\n<\/div>\n<\/div>\n<\/div>\n<div class=\"p_testo_pers nm_column wpb_column vc_column_container col-sm-9 col-lg-9 col-md-12\">\n<div class=\"vc_column-inner\">\n<div class=\"wpb_wrapper\">\n<div class=\"wpb_text_column wpb_content_element \">\n<div class=\"wpb_wrapper\">\n<p>Der erste Schritt f\u00fcr jede R\u00fccksendung \/ Umtausch besteht darin, uns so schnell wie m\u00f6glich zu kontaktieren (innerhalb von 14 Werktagen nach Erhalt des Pakets).<br \/>\nSenden Sie uns eine E-Mail mit:<\/p>\n<p>&#8211; Ihre Auftragsnummer<br \/>\n&#8211; Name des gekauften Produkts<br \/>\n&#8211; Der Grund f\u00fcr die R\u00fccksendung des Produkts<br \/>\nWir werden uns mit Ihnen in Verbindung setzen, um Ihnen zu helfen und Sie durch den R\u00fcckgabeprozess zu f\u00fchren.<br \/>\nWenn Sie einen besch\u00e4digten Artikel oder ein anderes Produkt als das von Ihnen bestellte erhalten, kontaktieren Sie uns bitte, sobald Sie die gekauften Artikel erhalten haben.<br \/>\nWir erinnern Sie daran, dass wir R\u00fccksendungen \/ Umtausch innerhalb von 14 Werktagen ab dem Tag des Erhalts des Pakets akzeptieren.<\/p>\n<\/div>\n<\/div>\n<\/div>\n<\/div>\n<\/div>\n<\/div>\n<div class=\"nm-row nm-row-boxed vc_row wpb_row vc_custom_1562180298920\">\n<div class=\"nm_column wpb_column vc_column_container col-sm-9 col-lg-3\">\n<div class=\"vc_column-inner\">\n<div class=\"wpb_wrapper\">\n<div class=\"wpb_text_column wpb_content_element \">\n<div class=\"wpb_wrapper\">\n<h4>Defekte Artikel<\/h4>\n<\/div>\n<\/div>\n<\/div>\n<\/div>\n<\/div>\n<div class=\"p_testo_pers nm_column wpb_column vc_column_container col-sm-9 col-lg-9 col-md-12\">\n<div class=\"vc_column-inner\">\n<div class=\"wpb_wrapper\">\n<div class=\"wpb_text_column wpb_content_element \">\n<div class=\"wpb_wrapper\">\n<p>Wenn Sie einen besch\u00e4digten Artikel oder ein anderes Produkt als das von Ihnen bestellte erhalten, kontaktieren Sie uns bitte, sobald Sie die gekauften Artikel erhalten haben.<br \/>\nWir erinnern Sie daran, dass wir R\u00fccksendungen \/ Umtausch innerhalb von 14 Werktagen ab dem Tag des Erhalts des Pakets akzeptieren.<\/p>\n<p>Bitte senden Sie uns eine E-Mail unter Angabe der Bestellnummer und der Art des Fehlers (vorzugsweise mit Schadensbildern).<br \/>\nWir k\u00fcmmern uns um Ihr Anliegen und helfen Ihnen beim R\u00fccksendeprozess.<\/p>\n<p>Im Falle eines fehlerhaften Produkts oder Fehlers unsererseits erstatten wir den f\u00fcr den Artikel bezahlten Betrag sowie die angefallenen Versandkosten f\u00fcr die R\u00fccksendung der Artikel.<\/p>\n<\/div>\n<\/div>\n<\/div>\n<\/div>\n<\/div>\n<\/div>\n<div class=\"nm-row nm-row-boxed vc_row wpb_row vc_custom_1562180298920\">\n<div class=\"nm_column wpb_column vc_column_container col-sm-9 col-lg-3\">\n<div class=\"vc_column-inner\">\n<div class=\"wpb_wrapper\">\n<div class=\"wpb_text_column wpb_content_element \">\n<div class=\"wpb_wrapper\">\n<h4>Berechnung der Erstattung<\/h4>\n<\/div>\n<\/div>\n<\/div>\n<\/div>\n<\/div>\n<div class=\"p_testo_pers nm_column wpb_column vc_column_container col-sm-9 col-lg-9 col-md-12\">\n<div class=\"vc_column-inner\">\n<div class=\"wpb_wrapper\">\n<div class=\"wpb_text_column wpb_content_element \">\n<div class=\"wpb_wrapper\">\n<p>Die R\u00fcckerstattung wird nach dem Preis berechnet.<\/p>\n<\/div>\n<\/div>\n<\/div>\n<\/div>\n<\/div>\n<\/div>\n[\/vc_column_text][\/vc_column][\/vc_row]\n","protected":false},"excerpt":{"rendered":"<p>[vc_row type=&#8220;in_container&#8220; full_screen_row_position=&#8220;middle&#8220; column_margin=&#8220;default&#8220; column_direction=&#8220;default&#8220; column_direction_tablet=&#8220;default&#8220; column_direction_phone=&#8220;default&#8220; scene_position=&#8220;center&#8220; text_color=&#8220;dark&#8220; text_align=&#8220;left&#8220; row_border_radius=&#8220;none&#8220; row_border_radius_applies=&#8220;bg&#8220; overlay_strength=&#8220;0.3&#8243; gradient_direction=&#8220;left_to_right&#8220; shape_divider_position=&#8220;bottom&#8220; bg_image_animation=&#8220;none&#8220;][vc_column column_padding=&#8220;no-extra-padding&#8220; column_padding_tablet=&#8220;inherit&#8220; column_padding_phone=&#8220;inherit&#8220; column_padding_position=&#8220;all&#8220; background_color_opacity=&#8220;1&#8243; background_hover_color_opacity=&#8220;1&#8243; column_shadow=&#8220;none&#8220; column_border_radius=&#8220;none&#8220; column_link_target=&#8220;_self&#8220; gradient_direction=&#8220;left_to_right&#8220; overlay_strength=&#8220;0.3&#8243; width=&#8220;1\/1&#8243; tablet_width_inherit=&#8220;default&#8220; tablet_text_alignment=&#8220;default&#8220;&#8230;<\/p>\n","protected":false},"author":1,"featured_media":0,"parent":0,"menu_order":0,"comment_status":"closed","ping_status":"closed","template":"","meta":{"footnotes":""},"class_list":["post-1754","page","type-page","status-publish"],"yoast_head":"<!-- This site is optimized with the Yoast SEO plugin v26.4 - https:\/\/yoast.com\/wordpress\/plugins\/seo\/ -->\n<title>R\u00fcckgaberecht - Caff\u00e8 Maya Como<\/title>\n<meta name=\"robots\" content=\"index, follow, max-snippet:-1, max-image-preview:large, max-video-preview:-1\" \/>\n<link rel=\"canonical\" href=\"https:\/\/mayacaffe.it\/de\/kehrt-zurueck\/\" \/>\n<meta property=\"og:locale\" content=\"de_DE\" \/>\n<meta property=\"og:type\" content=\"article\" \/>\n<meta property=\"og:title\" content=\"R\u00fcckgaberecht - Caff\u00e8 Maya Como\" \/>\n<meta property=\"og:description\" content=\"[vc_row type=&#8220;in_container&#8220; full_screen_row_position=&#8220;middle&#8220; column_margin=&#8220;default&#8220; column_direction=&#8220;default&#8220; column_direction_tablet=&#8220;default&#8220; column_direction_phone=&#8220;default&#8220; scene_position=&#8220;center&#8220; text_color=&#8220;dark&#8220; text_align=&#8220;left&#8220; row_border_radius=&#8220;none&#8220; row_border_radius_applies=&#8220;bg&#8220; overlay_strength=&#8220;0.3&#8243; gradient_direction=&#8220;left_to_right&#8220; shape_divider_position=&#8220;bottom&#8220; bg_image_animation=&#8220;none&#8220;][vc_column column_padding=&#8220;no-extra-padding&#8220; column_padding_tablet=&#8220;inherit&#8220; column_padding_phone=&#8220;inherit&#8220; column_padding_position=&#8220;all&#8220; background_color_opacity=&#8220;1&#8243; background_hover_color_opacity=&#8220;1&#8243; column_shadow=&#8220;none&#8220; column_border_radius=&#8220;none&#8220; column_link_target=&#8220;_self&#8220; gradient_direction=&#8220;left_to_right&#8220; overlay_strength=&#8220;0.3&#8243; width=&#8220;1\/1&#8243; tablet_width_inherit=&#8220;default&#8220; tablet_text_alignment=&#8220;default&#8220;...\" \/>\n<meta property=\"og:url\" content=\"https:\/\/mayacaffe.it\/de\/kehrt-zurueck\/\" \/>\n<meta property=\"og:site_name\" content=\"Caff\u00e8 Maya Como\" \/>\n<meta property=\"article:publisher\" content=\"https:\/\/www.facebook.com\/mayacaffecomo\/\" \/>\n<meta property=\"article:modified_time\" content=\"2021-07-29T22:21:02+00:00\" \/>\n<meta name=\"twitter:card\" content=\"summary_large_image\" \/>\n<meta name=\"twitter:label1\" content=\"Gesch\u00e4tzte Lesezeit\" \/>\n\t<meta name=\"twitter:data1\" content=\"2\u00a0Minuten\" \/>\n<script type=\"application\/ld+json\" class=\"yoast-schema-graph\">{\"@context\":\"https:\/\/schema.org\",\"@graph\":[{\"@type\":\"WebPage\",\"@id\":\"https:\/\/mayacaffe.it\/de\/kehrt-zurueck\/\",\"url\":\"https:\/\/mayacaffe.it\/de\/kehrt-zurueck\/\",\"name\":\"R\u00fcckgaberecht - Caff\u00e8 Maya Como\",\"isPartOf\":{\"@id\":\"https:\/\/mayacaffe.it\/de\/#website\"},\"datePublished\":\"2021-07-29T22:20:52+00:00\",\"dateModified\":\"2021-07-29T22:21:02+00:00\",\"breadcrumb\":{\"@id\":\"https:\/\/mayacaffe.it\/de\/kehrt-zurueck\/#breadcrumb\"},\"inLanguage\":\"de\",\"potentialAction\":[{\"@type\":\"ReadAction\",\"target\":[\"https:\/\/mayacaffe.it\/de\/kehrt-zurueck\/\"]}]},{\"@type\":\"BreadcrumbList\",\"@id\":\"https:\/\/mayacaffe.it\/de\/kehrt-zurueck\/#breadcrumb\",\"itemListElement\":[{\"@type\":\"ListItem\",\"position\":1,\"name\":\"Home\",\"item\":\"https:\/\/mayacaffe.it\/de\/\"},{\"@type\":\"ListItem\",\"position\":2,\"name\":\"R\u00fcckgaberecht\"}]},{\"@type\":\"WebSite\",\"@id\":\"https:\/\/mayacaffe.it\/de\/#website\",\"url\":\"https:\/\/mayacaffe.it\/de\/\",\"name\":\"Caff\u00e8 Maya Como\",\"description\":\"Torrefazione di Produzione Artigianale Caff\u00e8 Maya Como\",\"publisher\":{\"@id\":\"https:\/\/mayacaffe.it\/de\/#organization\"},\"potentialAction\":[{\"@type\":\"SearchAction\",\"target\":{\"@type\":\"EntryPoint\",\"urlTemplate\":\"https:\/\/mayacaffe.it\/de\/?s={search_term_string}\"},\"query-input\":{\"@type\":\"PropertyValueSpecification\",\"valueRequired\":true,\"valueName\":\"search_term_string\"}}],\"inLanguage\":\"de\"},{\"@type\":\"Organization\",\"@id\":\"https:\/\/mayacaffe.it\/de\/#organization\",\"name\":\"Torrefazione Caff\u00e8 MAYA S.A.S di Rimoldi D & C\",\"url\":\"https:\/\/mayacaffe.it\/de\/\",\"logo\":{\"@type\":\"ImageObject\",\"inLanguage\":\"de\",\"@id\":\"https:\/\/mayacaffe.it\/de\/#\/schema\/logo\/image\/\",\"url\":\"https:\/\/mayacaffe.it\/wp-content\/uploads\/2020\/04\/logo-maya-tr.png\",\"contentUrl\":\"https:\/\/mayacaffe.it\/wp-content\/uploads\/2020\/04\/logo-maya-tr.png\",\"width\":198,\"height\":198,\"caption\":\"Torrefazione Caff\u00e8 MAYA S.A.S di Rimoldi D & C\"},\"image\":{\"@id\":\"https:\/\/mayacaffe.it\/de\/#\/schema\/logo\/image\/\"},\"sameAs\":[\"https:\/\/www.facebook.com\/mayacaffecomo\/\"]}]}<\/script>\n<!-- \/ Yoast SEO plugin. -->","yoast_head_json":{"title":"R\u00fcckgaberecht - Caff\u00e8 Maya Como","robots":{"index":"index","follow":"follow","max-snippet":"max-snippet:-1","max-image-preview":"max-image-preview:large","max-video-preview":"max-video-preview:-1"},"canonical":"https:\/\/mayacaffe.it\/de\/kehrt-zurueck\/","og_locale":"de_DE","og_type":"article","og_title":"R\u00fcckgaberecht - Caff\u00e8 Maya Como","og_description":"[vc_row type=&#8220;in_container&#8220; full_screen_row_position=&#8220;middle&#8220; column_margin=&#8220;default&#8220; column_direction=&#8220;default&#8220; column_direction_tablet=&#8220;default&#8220; column_direction_phone=&#8220;default&#8220; scene_position=&#8220;center&#8220; text_color=&#8220;dark&#8220; text_align=&#8220;left&#8220; row_border_radius=&#8220;none&#8220; row_border_radius_applies=&#8220;bg&#8220; overlay_strength=&#8220;0.3&#8243; gradient_direction=&#8220;left_to_right&#8220; shape_divider_position=&#8220;bottom&#8220; bg_image_animation=&#8220;none&#8220;][vc_column column_padding=&#8220;no-extra-padding&#8220; column_padding_tablet=&#8220;inherit&#8220; column_padding_phone=&#8220;inherit&#8220; column_padding_position=&#8220;all&#8220; background_color_opacity=&#8220;1&#8243; background_hover_color_opacity=&#8220;1&#8243; column_shadow=&#8220;none&#8220; column_border_radius=&#8220;none&#8220; column_link_target=&#8220;_self&#8220; gradient_direction=&#8220;left_to_right&#8220; overlay_strength=&#8220;0.3&#8243; width=&#8220;1\/1&#8243; tablet_width_inherit=&#8220;default&#8220; tablet_text_alignment=&#8220;default&#8220;...","og_url":"https:\/\/mayacaffe.it\/de\/kehrt-zurueck\/","og_site_name":"Caff\u00e8 Maya Como","article_publisher":"https:\/\/www.facebook.com\/mayacaffecomo\/","article_modified_time":"2021-07-29T22:21:02+00:00","twitter_card":"summary_large_image","twitter_misc":{"Gesch\u00e4tzte Lesezeit":"2\u00a0Minuten"},"schema":{"@context":"https:\/\/schema.org","@graph":[{"@type":"WebPage","@id":"https:\/\/mayacaffe.it\/de\/kehrt-zurueck\/","url":"https:\/\/mayacaffe.it\/de\/kehrt-zurueck\/","name":"R\u00fcckgaberecht - Caff\u00e8 Maya Como","isPartOf":{"@id":"https:\/\/mayacaffe.it\/de\/#website"},"datePublished":"2021-07-29T22:20:52+00:00","dateModified":"2021-07-29T22:21:02+00:00","breadcrumb":{"@id":"https:\/\/mayacaffe.it\/de\/kehrt-zurueck\/#breadcrumb"},"inLanguage":"de","potentialAction":[{"@type":"ReadAction","target":["https:\/\/mayacaffe.it\/de\/kehrt-zurueck\/"]}]},{"@type":"BreadcrumbList","@id":"https:\/\/mayacaffe.it\/de\/kehrt-zurueck\/#breadcrumb","itemListElement":[{"@type":"ListItem","position":1,"name":"Home","item":"https:\/\/mayacaffe.it\/de\/"},{"@type":"ListItem","position":2,"name":"R\u00fcckgaberecht"}]},{"@type":"WebSite","@id":"https:\/\/mayacaffe.it\/de\/#website","url":"https:\/\/mayacaffe.it\/de\/","name":"Caff\u00e8 Maya Como","description":"Torrefazione di Produzione Artigianale Caff\u00e8 Maya Como","publisher":{"@id":"https:\/\/mayacaffe.it\/de\/#organization"},"potentialAction":[{"@type":"SearchAction","target":{"@type":"EntryPoint","urlTemplate":"https:\/\/mayacaffe.it\/de\/?s={search_term_string}"},"query-input":{"@type":"PropertyValueSpecification","valueRequired":true,"valueName":"search_term_string"}}],"inLanguage":"de"},{"@type":"Organization","@id":"https:\/\/mayacaffe.it\/de\/#organization","name":"Torrefazione Caff\u00e8 MAYA S.A.S di Rimoldi D & C","url":"https:\/\/mayacaffe.it\/de\/","logo":{"@type":"ImageObject","inLanguage":"de","@id":"https:\/\/mayacaffe.it\/de\/#\/schema\/logo\/image\/","url":"https:\/\/mayacaffe.it\/wp-content\/uploads\/2020\/04\/logo-maya-tr.png","contentUrl":"https:\/\/mayacaffe.it\/wp-content\/uploads\/2020\/04\/logo-maya-tr.png","width":198,"height":198,"caption":"Torrefazione Caff\u00e8 MAYA S.A.S di Rimoldi D & C"},"image":{"@id":"https:\/\/mayacaffe.it\/de\/#\/schema\/logo\/image\/"},"sameAs":["https:\/\/www.facebook.com\/mayacaffecomo\/"]}]}},"_links":{"self":[{"href":"https:\/\/mayacaffe.it\/de\/wp-json\/wp\/v2\/pages\/1754","targetHints":{"allow":["GET"]}}],"collection":[{"href":"https:\/\/mayacaffe.it\/de\/wp-json\/wp\/v2\/pages"}],"about":[{"href":"https:\/\/mayacaffe.it\/de\/wp-json\/wp\/v2\/types\/page"}],"author":[{"embeddable":true,"href":"https:\/\/mayacaffe.it\/de\/wp-json\/wp\/v2\/users\/1"}],"replies":[{"embeddable":true,"href":"https:\/\/mayacaffe.it\/de\/wp-json\/wp\/v2\/comments?post=1754"}],"version-history":[{"count":1,"href":"https:\/\/mayacaffe.it\/de\/wp-json\/wp\/v2\/pages\/1754\/revisions"}],"predecessor-version":[{"id":1761,"href":"https:\/\/mayacaffe.it\/de\/wp-json\/wp\/v2\/pages\/1754\/revisions\/1761"}],"wp:attachment":[{"href":"https:\/\/mayacaffe.it\/de\/wp-json\/wp\/v2\/media?parent=1754"}],"curies":[{"name":"wp","href":"https:\/\/api.w.org\/{rel}","templated":true}]}}