{"id":1288,"date":"2021-07-29T23:51:28","date_gmt":"2021-07-29T21:51:28","guid":{"rendered":"https:\/\/mayacaffe.it\/blogue-actualites\/"},"modified":"2021-07-29T23:51:32","modified_gmt":"2021-07-29T21:51:32","slug":"blogue-actualites","status":"publish","type":"page","link":"https:\/\/mayacaffe.it\/fr\/blogue-actualites\/","title":{"rendered":"Blogue &amp; Actualit\u00e9s"},"content":{"rendered":"[vc_row type=\u00a0\u00bbfull_width_background\u00a0\u00bb full_screen_row_position=\u00a0\u00bbmiddle\u00a0\u00bb column_margin=\u00a0\u00bbdefault\u00a0\u00bb column_direction=\u00a0\u00bbdefault\u00a0\u00bb column_direction_tablet=\u00a0\u00bbdefault\u00a0\u00bb column_direction_phone=\u00a0\u00bbdefault\u00a0\u00bb bg_color=\u00a0\u00bb#444444&Prime; bg_image=\u00a0\u00bb45&Prime; bg_position=\u00a0\u00bbcenter center\u00a0\u00bb bg_repeat=\u00a0\u00bbno-repeat\u00a0\u00bb full_height=\u00a0\u00bbyes\u00a0\u00bb scene_position=\u00a0\u00bbcenter\u00a0\u00bb top_padding=\u00a0\u00bb0&Prime; bottom_padding=\u00a0\u00bb0&Prime; text_color=\u00a0\u00bblight\u00a0\u00bb text_align=\u00a0\u00bbleft\u00a0\u00bb row_border_radius=\u00a0\u00bbnone\u00a0\u00bb row_border_radius_applies=\u00a0\u00bbbg\u00a0\u00bb enable_gradient=\u00a0\u00bbtrue\u00a0\u00bb color_overlay=\u00a0\u00bb#0a0a0a\u00a0\u00bb color_overlay_2=\u00a0\u00bb#dd9933&Prime; overlay_strength=\u00a0\u00bb0.8&Prime; gradient_direction=\u00a0\u00bbleft_to_right\u00a0\u00bb shape_divider_position=\u00a0\u00bbbottom\u00a0\u00bb bg_image_animation=\u00a0\u00bbnone\u00a0\u00bb parallax_bg=\u00a0\u00bbtrue\u00a0\u00bb parallax_bg_speed=\u00a0\u00bbfast\u00a0\u00bb shape_type=\u00a0\u00bb\u00a0\u00bb][vc_column column_padding=\u00a0\u00bbno-extra-padding\u00a0\u00bb column_padding_tablet=\u00a0\u00bbinherit\u00a0\u00bb column_padding_phone=\u00a0\u00bbinherit\u00a0\u00bb column_padding_position=\u00a0\u00bball\u00a0\u00bb background_color_opacity=\u00a0\u00bb1&Prime; background_hover_color_opacity=\u00a0\u00bb1&Prime; column_shadow=\u00a0\u00bbnone\u00a0\u00bb column_border_radius=\u00a0\u00bbnone\u00a0\u00bb column_link_target=\u00a0\u00bb_self\u00a0\u00bb gradient_direction=\u00a0\u00bbleft_to_right\u00a0\u00bb overlay_strength=\u00a0\u00bb0.3&Prime; width=\u00a0\u00bb1\/1&Prime; tablet_width_inherit=\u00a0\u00bbdefault\u00a0\u00bb tablet_text_alignment=\u00a0\u00bbdefault\u00a0\u00bb phone_text_alignment=\u00a0\u00bbdefault\u00a0\u00bb column_border_width=\u00a0\u00bbnone\u00a0\u00bb column_border_style=\u00a0\u00bbsolid\u00a0\u00bb bg_image_animation=\u00a0\u00bbnone\u00a0\u00bb][vc_custom_heading text=\u00a0\u00bbActualit\u00e9s, \u00e9v\u00e9nements, promotions\u00a0\u00bb font_container=\u00a0\u00bbtag:h2|font_size:32|text_align:left\u00a0\u00bb use_theme_fonts=\u00a0\u00bbyes\u00a0\u00bb css=\u00a0\u00bb.vc_custom_1588510561546{margin-top: 20px !important;}\u00a0\u00bb][vc_custom_heading text=\u00a0\u00bbCe qui gravite autour du monde du Caff\u00e8 Maya\u00a0\u00bb font_container=\u00a0\u00bbtag:h3|text_align:left|color:%23f7ab38|line_height:1&Prime; use_theme_fonts=\u00a0\u00bbyes\u00a0\u00bb][recent_posts style=\u00a0\u00bbclassic_enhanced_alt\u00a0\u00bb columns=\u00a0\u00bb3&Prime; category=\u00a0\u00bball\u00a0\u00bb order=\u00a0\u00bbDESC\u00a0\u00bb orderby=\u00a0\u00bbdate\u00a0\u00bb blog_remove_post_date=\u00a0\u00bbtrue\u00a0\u00bb blog_remove_post_author=\u00a0\u00bbtrue\u00a0\u00bb blog_remove_post_comment_number=\u00a0\u00bbtrue\u00a0\u00bb blog_remove_post_nectar_love=\u00a0\u00bbtrue\u00a0\u00bb posts_per_page=\u00a0\u00bb3&Prime;][nectar_cta btn_style=\u00a0\u00bbarrow-animation\u00a0\u00bb heading_tag=\u00a0\u00bbh3&Prime; text_color=\u00a0\u00bb#000000&Prime; button_color=\u00a0\u00bbaccent-color\u00a0\u00bb button_color_hover=\u00a0\u00bb#ffbd3a\u00a0\u00bb link_type=\u00a0\u00bbregular\u00a0\u00bb alignment=\u00a0\u00bbleft\u00a0\u00bb display=\u00a0\u00bbblock\u00a0\u00bb link_text=\u00a0\u00bbParcourez nos articles et nos actualit\u00e9s\u00a0\u00bb url=\u00a0\u00bbhttps:\/\/mayacaffe.it\/category\/torrefazione-maya-caffe\/\u00a0\u00bb margin_top=\u00a0\u00bb20&Prime; margin_bottom=\u00a0\u00bb20&Prime;][\/vc_column][\/vc_row][vc_row type=\u00a0\u00bbfull_width_background\u00a0\u00bb full_screen_row_position=\u00a0\u00bbmiddle\u00a0\u00bb column_margin=\u00a0\u00bbdefault\u00a0\u00bb equal_height=\u00a0\u00bbyes\u00a0\u00bb content_placement=\u00a0\u00bbmiddle\u00a0\u00bb column_direction=\u00a0\u00bbdefault\u00a0\u00bb column_direction_tablet=\u00a0\u00bbdefault\u00a0\u00bb column_direction_phone=\u00a0\u00bbdefault\u00a0\u00bb bg_color=\u00a0\u00bb#444444&Prime; scene_position=\u00a0\u00bbcenter\u00a0\u00bb top_padding=\u00a0\u00bb70&Prime; bottom_padding=\u00a0\u00bb70&Prime; text_color=\u00a0\u00bblight\u00a0\u00bb text_align=\u00a0\u00bbcenter\u00a0\u00bb row_border_radius=\u00a0\u00bbnone\u00a0\u00bb row_border_radius_applies=\u00a0\u00bbbg\u00a0\u00bb overlay_strength=\u00a0\u00bb0.95&Prime; gradient_direction=\u00a0\u00bbleft_to_right\u00a0\u00bb shape_divider_position=\u00a0\u00bbbottom\u00a0\u00bb bg_image_animation=\u00a0\u00bbnone\u00a0\u00bb shape_type=\u00a0\u00bb\u00a0\u00bb][vc_column column_padding=\u00a0\u00bbno-extra-padding\u00a0\u00bb column_padding_tablet=\u00a0\u00bbinherit\u00a0\u00bb column_padding_phone=\u00a0\u00bbinherit\u00a0\u00bb column_padding_position=\u00a0\u00bball\u00a0\u00bb background_color_opacity=\u00a0\u00bb1&Prime; background_hover_color_opacity=\u00a0\u00bb1&Prime; column_shadow=\u00a0\u00bbnone\u00a0\u00bb column_border_radius=\u00a0\u00bbnone\u00a0\u00bb column_link_target=\u00a0\u00bb_self\u00a0\u00bb gradient_direction=\u00a0\u00bbleft_to_right\u00a0\u00bb overlay_strength=\u00a0\u00bb0.3&Prime; width=\u00a0\u00bb5\/12&Prime; tablet_width_inherit=\u00a0\u00bbdefault\u00a0\u00bb tablet_text_alignment=\u00a0\u00bbcenter\u00a0\u00bb phone_text_alignment=\u00a0\u00bbcenter\u00a0\u00bb column_border_width=\u00a0\u00bbnone\u00a0\u00bb column_border_style=\u00a0\u00bbsolid\u00a0\u00bb bg_image_animation=\u00a0\u00bbnone\u00a0\u00bb][split_line_heading animation_type=\u00a0\u00bbline-reveal-by-space\u00a0\u00bb font_style=\u00a0\u00bbh2&Prime; text_content=\u00a0\u00bbRestez connect\u00e9 avec nos r\u00e9seaux sociaux pour toute actualit\u00e9 de Caff\u00e8 Maya Como\u00a0\u00bb][\/split_line_heading][\/vc_column][vc_column column_padding=\u00a0\u00bbno-extra-padding\u00a0\u00bb column_padding_tablet=\u00a0\u00bbinherit\u00a0\u00bb column_padding_phone=\u00a0\u00bbinherit\u00a0\u00bb column_padding_position=\u00a0\u00bball\u00a0\u00bb background_color_opacity=\u00a0\u00bb1&Prime; background_hover_color_opacity=\u00a0\u00bb1&Prime; column_shadow=\u00a0\u00bbnone\u00a0\u00bb column_border_radius=\u00a0\u00bbnone\u00a0\u00bb column_link_target=\u00a0\u00bb_self\u00a0\u00bb gradient_direction=\u00a0\u00bbleft_to_right\u00a0\u00bb overlay_strength=\u00a0\u00bb0.3&Prime; width=\u00a0\u00bb1\/12&Prime; tablet_width_inherit=\u00a0\u00bbdefault\u00a0\u00bb tablet_text_alignment=\u00a0\u00bbcenter\u00a0\u00bb phone_text_alignment=\u00a0\u00bbcenter\u00a0\u00bb column_border_width=\u00a0\u00bbnone\u00a0\u00bb column_border_style=\u00a0\u00bbsolid\u00a0\u00bb bg_image_animation=\u00a0\u00bbnone\u00a0\u00bb][\/vc_column][vc_column column_padding=\u00a0\u00bbno-extra-padding\u00a0\u00bb column_padding_tablet=\u00a0\u00bbinherit\u00a0\u00bb column_padding_phone=\u00a0\u00bbinherit\u00a0\u00bb column_padding_position=\u00a0\u00bball\u00a0\u00bb background_color_opacity=\u00a0\u00bb1&Prime; background_hover_color_opacity=\u00a0\u00bb1&Prime; column_shadow=\u00a0\u00bbnone\u00a0\u00bb column_border_radius=\u00a0\u00bbnone\u00a0\u00bb column_link_target=\u00a0\u00bb_self\u00a0\u00bb gradient_direction=\u00a0\u00bbleft_to_right\u00a0\u00bb overlay_strength=\u00a0\u00bb0.3&Prime; width=\u00a0\u00bb1\/2&Prime; tablet_width_inherit=\u00a0\u00bbdefault\u00a0\u00bb tablet_text_alignment=\u00a0\u00bbcenter\u00a0\u00bb phone_text_alignment=\u00a0\u00bbcenter\u00a0\u00bb column_border_width=\u00a0\u00bbnone\u00a0\u00bb column_border_style=\u00a0\u00bbsolid\u00a0\u00bb bg_image_animation=\u00a0\u00bbnone\u00a0\u00bb][nectar_icon icon_family=\u00a0\u00bbfontawesome\u00a0\u00bb icon_style=\u00a0\u00bbborder-animation\u00a0\u00bb icon_border_thickness=\u00a0\u00bb2px\u00a0\u00bb icon_color_type=\u00a0\u00bbcolor_scheme\u00a0\u00bb icon_color=\u00a0\u00bbAccent-Color\u00a0\u00bb open_new_tab=\u00a0\u00bbtrue\u00a0\u00bb icon_padding=\u00a0\u00bb10px\u00a0\u00bb icon_fontawesome=\u00a0\u00bbfa fa-facebook\u00a0\u00bb url=\u00a0\u00bb#\u00a0\u00bb icon_size=\u00a0\u00bb20&Prime;][\/vc_column][\/vc_row]\n","protected":false},"excerpt":{"rendered":"<p>[vc_row type=\u00a0\u00bbfull_width_background\u00a0\u00bb full_screen_row_position=\u00a0\u00bbmiddle\u00a0\u00bb column_margin=\u00a0\u00bbdefault\u00a0\u00bb column_direction=\u00a0\u00bbdefault\u00a0\u00bb column_direction_tablet=\u00a0\u00bbdefault\u00a0\u00bb column_direction_phone=\u00a0\u00bbdefault\u00a0\u00bb bg_color=\u00a0\u00bb#444444&Prime; bg_image=\u00a0\u00bb45&Prime; bg_position=\u00a0\u00bbcenter center\u00a0\u00bb bg_repeat=\u00a0\u00bbno-repeat\u00a0\u00bb full_height=\u00a0\u00bbyes\u00a0\u00bb scene_position=\u00a0\u00bbcenter\u00a0\u00bb top_padding=\u00a0\u00bb0&Prime; bottom_padding=\u00a0\u00bb0&Prime; text_color=\u00a0\u00bblight\u00a0\u00bb text_align=\u00a0\u00bbleft\u00a0\u00bb row_border_radius=\u00a0\u00bbnone\u00a0\u00bb row_border_radius_applies=\u00a0\u00bbbg\u00a0\u00bb enable_gradient=\u00a0\u00bbtrue\u00a0\u00bb color_overlay=\u00a0\u00bb#0a0a0a\u00a0\u00bb color_overlay_2=\u00a0\u00bb#dd9933&Prime; overlay_strength=\u00a0\u00bb0.8&Prime; gradient_direction=\u00a0\u00bbleft_to_right\u00a0\u00bb shape_divider_position=\u00a0\u00bbbottom\u00a0\u00bb bg_image_animation=\u00a0\u00bbnone\u00a0\u00bb parallax_bg=\u00a0\u00bbtrue\u00a0\u00bb parallax_bg_speed=\u00a0\u00bbfast\u00a0\u00bb shape_type=\u00a0\u00bb\u00a0\u00bb][vc_column&#8230;<\/p>\n","protected":false},"author":1,"featured_media":0,"parent":0,"menu_order":0,"comment_status":"closed","ping_status":"closed","template":"","meta":{"footnotes":""},"class_list":["post-1288","page","type-page","status-publish"],"yoast_head":"<!-- This site is optimized with the Yoast SEO plugin v26.4 - https:\/\/yoast.com\/wordpress\/plugins\/seo\/ -->\n<title>Blogue &amp; Actualit\u00e9s<\/title>\n<meta name=\"description\" content=\"Actualit\u00e9s, \u00e9v\u00e9nements, promotions. D\u00e9couvrez l&#039;univers du Caff\u00e8 Maya Como.\" \/>\n<meta name=\"robots\" content=\"index, follow, max-snippet:-1, max-image-preview:large, max-video-preview:-1\" \/>\n<link rel=\"canonical\" href=\"https:\/\/mayacaffe.it\/fr\/blogue-actualites\/\" \/>\n<meta property=\"og:locale\" content=\"fr_FR\" \/>\n<meta property=\"og:type\" content=\"article\" \/>\n<meta property=\"og:title\" content=\"Blogue &amp; Actualit\u00e9s\" \/>\n<meta property=\"og:description\" content=\"Actualit\u00e9s, \u00e9v\u00e9nements, promotions. D\u00e9couvrez l&#039;univers du Caff\u00e8 Maya Como.\" \/>\n<meta property=\"og:url\" content=\"https:\/\/mayacaffe.it\/fr\/blogue-actualites\/\" \/>\n<meta property=\"og:site_name\" content=\"Caff\u00e8 Maya Como\" \/>\n<meta property=\"article:publisher\" content=\"https:\/\/www.facebook.com\/mayacaffecomo\/\" \/>\n<meta property=\"article:modified_time\" content=\"2021-07-29T21:51:32+00:00\" \/>\n<meta name=\"twitter:card\" content=\"summary_large_image\" \/>\n<meta name=\"twitter:label1\" content=\"Dur\u00e9e de lecture estim\u00e9e\" \/>\n\t<meta name=\"twitter:data1\" content=\"3 minutes\" \/>\n<script type=\"application\/ld+json\" class=\"yoast-schema-graph\">{\"@context\":\"https:\/\/schema.org\",\"@graph\":[{\"@type\":\"WebPage\",\"@id\":\"https:\/\/mayacaffe.it\/fr\/blogue-actualites\/\",\"url\":\"https:\/\/mayacaffe.it\/fr\/blogue-actualites\/\",\"name\":\"Blogue & Actualit\u00e9s\",\"isPartOf\":{\"@id\":\"https:\/\/mayacaffe.it\/fr\/#website\"},\"datePublished\":\"2021-07-29T21:51:28+00:00\",\"dateModified\":\"2021-07-29T21:51:32+00:00\",\"description\":\"Actualit\u00e9s, \u00e9v\u00e9nements, promotions. D\u00e9couvrez l'univers du Caff\u00e8 Maya Como.\",\"breadcrumb\":{\"@id\":\"https:\/\/mayacaffe.it\/fr\/blogue-actualites\/#breadcrumb\"},\"inLanguage\":\"fr-FR\",\"potentialAction\":[{\"@type\":\"ReadAction\",\"target\":[\"https:\/\/mayacaffe.it\/fr\/blogue-actualites\/\"]}]},{\"@type\":\"BreadcrumbList\",\"@id\":\"https:\/\/mayacaffe.it\/fr\/blogue-actualites\/#breadcrumb\",\"itemListElement\":[{\"@type\":\"ListItem\",\"position\":1,\"name\":\"Home\",\"item\":\"https:\/\/mayacaffe.it\/fr\/\"},{\"@type\":\"ListItem\",\"position\":2,\"name\":\"Blogue &amp; Actualit\u00e9s\"}]},{\"@type\":\"WebSite\",\"@id\":\"https:\/\/mayacaffe.it\/fr\/#website\",\"url\":\"https:\/\/mayacaffe.it\/fr\/\",\"name\":\"Caff\u00e8 Maya Como\",\"description\":\"Torrefazione di Produzione Artigianale Caff\u00e8 Maya Como\",\"publisher\":{\"@id\":\"https:\/\/mayacaffe.it\/fr\/#organization\"},\"potentialAction\":[{\"@type\":\"SearchAction\",\"target\":{\"@type\":\"EntryPoint\",\"urlTemplate\":\"https:\/\/mayacaffe.it\/fr\/?s={search_term_string}\"},\"query-input\":{\"@type\":\"PropertyValueSpecification\",\"valueRequired\":true,\"valueName\":\"search_term_string\"}}],\"inLanguage\":\"fr-FR\"},{\"@type\":\"Organization\",\"@id\":\"https:\/\/mayacaffe.it\/fr\/#organization\",\"name\":\"Torrefazione Caff\u00e8 MAYA S.A.S di Rimoldi D & C\",\"url\":\"https:\/\/mayacaffe.it\/fr\/\",\"logo\":{\"@type\":\"ImageObject\",\"inLanguage\":\"fr-FR\",\"@id\":\"https:\/\/mayacaffe.it\/fr\/#\/schema\/logo\/image\/\",\"url\":\"https:\/\/mayacaffe.it\/wp-content\/uploads\/2020\/04\/logo-maya-tr.png\",\"contentUrl\":\"https:\/\/mayacaffe.it\/wp-content\/uploads\/2020\/04\/logo-maya-tr.png\",\"width\":198,\"height\":198,\"caption\":\"Torrefazione Caff\u00e8 MAYA S.A.S di Rimoldi D & C\"},\"image\":{\"@id\":\"https:\/\/mayacaffe.it\/fr\/#\/schema\/logo\/image\/\"},\"sameAs\":[\"https:\/\/www.facebook.com\/mayacaffecomo\/\"]}]}<\/script>\n<!-- \/ Yoast SEO plugin. -->","yoast_head_json":{"title":"Blogue & Actualit\u00e9s","description":"Actualit\u00e9s, \u00e9v\u00e9nements, promotions. D\u00e9couvrez l'univers du Caff\u00e8 Maya Como.","robots":{"index":"index","follow":"follow","max-snippet":"max-snippet:-1","max-image-preview":"max-image-preview:large","max-video-preview":"max-video-preview:-1"},"canonical":"https:\/\/mayacaffe.it\/fr\/blogue-actualites\/","og_locale":"fr_FR","og_type":"article","og_title":"Blogue & Actualit\u00e9s","og_description":"Actualit\u00e9s, \u00e9v\u00e9nements, promotions. D\u00e9couvrez l'univers du Caff\u00e8 Maya Como.","og_url":"https:\/\/mayacaffe.it\/fr\/blogue-actualites\/","og_site_name":"Caff\u00e8 Maya Como","article_publisher":"https:\/\/www.facebook.com\/mayacaffecomo\/","article_modified_time":"2021-07-29T21:51:32+00:00","twitter_card":"summary_large_image","twitter_misc":{"Dur\u00e9e de lecture estim\u00e9e":"3 minutes"},"schema":{"@context":"https:\/\/schema.org","@graph":[{"@type":"WebPage","@id":"https:\/\/mayacaffe.it\/fr\/blogue-actualites\/","url":"https:\/\/mayacaffe.it\/fr\/blogue-actualites\/","name":"Blogue & Actualit\u00e9s","isPartOf":{"@id":"https:\/\/mayacaffe.it\/fr\/#website"},"datePublished":"2021-07-29T21:51:28+00:00","dateModified":"2021-07-29T21:51:32+00:00","description":"Actualit\u00e9s, \u00e9v\u00e9nements, promotions. D\u00e9couvrez l'univers du Caff\u00e8 Maya Como.","breadcrumb":{"@id":"https:\/\/mayacaffe.it\/fr\/blogue-actualites\/#breadcrumb"},"inLanguage":"fr-FR","potentialAction":[{"@type":"ReadAction","target":["https:\/\/mayacaffe.it\/fr\/blogue-actualites\/"]}]},{"@type":"BreadcrumbList","@id":"https:\/\/mayacaffe.it\/fr\/blogue-actualites\/#breadcrumb","itemListElement":[{"@type":"ListItem","position":1,"name":"Home","item":"https:\/\/mayacaffe.it\/fr\/"},{"@type":"ListItem","position":2,"name":"Blogue &amp; Actualit\u00e9s"}]},{"@type":"WebSite","@id":"https:\/\/mayacaffe.it\/fr\/#website","url":"https:\/\/mayacaffe.it\/fr\/","name":"Caff\u00e8 Maya Como","description":"Torrefazione di Produzione Artigianale Caff\u00e8 Maya Como","publisher":{"@id":"https:\/\/mayacaffe.it\/fr\/#organization"},"potentialAction":[{"@type":"SearchAction","target":{"@type":"EntryPoint","urlTemplate":"https:\/\/mayacaffe.it\/fr\/?s={search_term_string}"},"query-input":{"@type":"PropertyValueSpecification","valueRequired":true,"valueName":"search_term_string"}}],"inLanguage":"fr-FR"},{"@type":"Organization","@id":"https:\/\/mayacaffe.it\/fr\/#organization","name":"Torrefazione Caff\u00e8 MAYA S.A.S di Rimoldi D & C","url":"https:\/\/mayacaffe.it\/fr\/","logo":{"@type":"ImageObject","inLanguage":"fr-FR","@id":"https:\/\/mayacaffe.it\/fr\/#\/schema\/logo\/image\/","url":"https:\/\/mayacaffe.it\/wp-content\/uploads\/2020\/04\/logo-maya-tr.png","contentUrl":"https:\/\/mayacaffe.it\/wp-content\/uploads\/2020\/04\/logo-maya-tr.png","width":198,"height":198,"caption":"Torrefazione Caff\u00e8 MAYA S.A.S di Rimoldi D & C"},"image":{"@id":"https:\/\/mayacaffe.it\/fr\/#\/schema\/logo\/image\/"},"sameAs":["https:\/\/www.facebook.com\/mayacaffecomo\/"]}]}},"_links":{"self":[{"href":"https:\/\/mayacaffe.it\/fr\/wp-json\/wp\/v2\/pages\/1288","targetHints":{"allow":["GET"]}}],"collection":[{"href":"https:\/\/mayacaffe.it\/fr\/wp-json\/wp\/v2\/pages"}],"about":[{"href":"https:\/\/mayacaffe.it\/fr\/wp-json\/wp\/v2\/types\/page"}],"author":[{"embeddable":true,"href":"https:\/\/mayacaffe.it\/fr\/wp-json\/wp\/v2\/users\/1"}],"replies":[{"embeddable":true,"href":"https:\/\/mayacaffe.it\/fr\/wp-json\/wp\/v2\/comments?post=1288"}],"version-history":[{"count":5,"href":"https:\/\/mayacaffe.it\/fr\/wp-json\/wp\/v2\/pages\/1288\/revisions"}],"predecessor-version":[{"id":1293,"href":"https:\/\/mayacaffe.it\/fr\/wp-json\/wp\/v2\/pages\/1288\/revisions\/1293"}],"wp:attachment":[{"href":"https:\/\/mayacaffe.it\/fr\/wp-json\/wp\/v2\/media?parent=1288"}],"curies":[{"name":"wp","href":"https:\/\/api.w.org\/{rel}","templated":true}]}}