{"id":1725,"date":"2021-07-30T00:20:00","date_gmt":"2021-07-29T22:20:00","guid":{"rendered":"https:\/\/mayacaffe.it\/politique-de-paiement\/"},"modified":"2021-07-30T00:20:59","modified_gmt":"2021-07-29T22:20:59","slug":"politique-de-paiement","status":"publish","type":"page","link":"https:\/\/mayacaffe.it\/fr\/politique-de-paiement\/","title":{"rendered":"Politique de paiement"},"content":{"rendered":"[vc_row type=\u00a0\u00bbin_container\u00a0\u00bb full_screen_row_position=\u00a0\u00bbmiddle\u00a0\u00bb column_margin=\u00a0\u00bbdefault\u00a0\u00bb column_direction=\u00a0\u00bbdefault\u00a0\u00bb column_direction_tablet=\u00a0\u00bbdefault\u00a0\u00bb column_direction_phone=\u00a0\u00bbdefault\u00a0\u00bb scene_position=\u00a0\u00bbcenter\u00a0\u00bb text_color=\u00a0\u00bbdark\u00a0\u00bb text_align=\u00a0\u00bbleft\u00a0\u00bb row_border_radius=\u00a0\u00bbnone\u00a0\u00bb row_border_radius_applies=\u00a0\u00bbbg\u00a0\u00bb overlay_strength=\u00a0\u00bb0.3&Prime; gradient_direction=\u00a0\u00bbleft_to_right\u00a0\u00bb shape_divider_position=\u00a0\u00bbbottom\u00a0\u00bb bg_image_animation=\u00a0\u00bbnone\u00a0\u00bb][vc_column column_padding=\u00a0\u00bbno-extra-padding\u00a0\u00bb column_padding_tablet=\u00a0\u00bbinherit\u00a0\u00bb column_padding_phone=\u00a0\u00bbinherit\u00a0\u00bb column_padding_position=\u00a0\u00bball\u00a0\u00bb background_color_opacity=\u00a0\u00bb1&Prime; background_hover_color_opacity=\u00a0\u00bb1&Prime; column_shadow=\u00a0\u00bbnone\u00a0\u00bb column_border_radius=\u00a0\u00bbnone\u00a0\u00bb column_link_target=\u00a0\u00bb_self\u00a0\u00bb gradient_direction=\u00a0\u00bbleft_to_right\u00a0\u00bb overlay_strength=\u00a0\u00bb0.3&Prime; width=\u00a0\u00bb1\/1&Prime; tablet_width_inherit=\u00a0\u00bbdefault\u00a0\u00bb tablet_text_alignment=\u00a0\u00bbdefault\u00a0\u00bb phone_text_alignment=\u00a0\u00bbdefault\u00a0\u00bb column_border_width=\u00a0\u00bbnone\u00a0\u00bb column_border_style=\u00a0\u00bbsolid\u00a0\u00bb bg_image_animation=\u00a0\u00bbnone\u00a0\u00bb][vc_column_text]\n<div class=\"nm-row nm-row-boxed vc_row wpb_row vc_custom_1432752631369\">\n<div class=\"nm_column wpb_column vc_column_container col-sm-9 col-lg-4\">\n<div class=\"vc_column-inner\">\n<div class=\"wpb_wrapper\">\n<div class=\"wpb_text_column wpb_content_element \">\n<div class=\"wpb_wrapper\">\n<h2>Paiements<\/h2>\n<\/div>\n<\/div>\n<div class=\"vc_empty_space\"><\/div>\n<\/div>\n<\/div>\n<\/div>\n<\/div>\n<div class=\"nm-row nm-row-boxed vc_row wpb_row vc_custom_1562180298920\">\n<div class=\"nm_column wpb_column vc_column_container col-sm-9 col-lg-3\">\n<div class=\"vc_column-inner\">\n<div class=\"wpb_wrapper\">\n<div class=\"wpb_text_column wpb_content_element \">\n<div class=\"wpb_wrapper\">\n<h4>M\u00e9thodes de payement<\/h4>\n<\/div>\n<\/div>\n<\/div>\n<\/div>\n<\/div>\n<div class=\"p_testo_pers nm_column wpb_column vc_column_container col-sm-9 col-lg-9 col-md-12\">\n<div class=\"vc_column-inner\">\n<div class=\"wpb_wrapper\">\n<div class=\"wpb_text_column wpb_content_element \">\n<div class=\"wpb_wrapper\">\n<p>Les paiements peuvent \u00eatre effectu\u00e9s par virement bancaire, PayPal ou carte de cr\u00e9dit via PayPal, le paiement en esp\u00e8ces est \u00e9galement disponible dans notre laboratoire.<\/p>\n<p><strong>Virement:<\/strong> tous les frais de virement bancaire sont \u00e0 la charge de l&rsquo;acheteur. Les commandes ne seront exp\u00e9di\u00e9es qu&rsquo;\u00e0 r\u00e9ception du paiement sur le compte courant de Torrefazione Caff\u00e8 MAYA SAS di Rimoldi D &amp; C.<\/p>\n<p><strong>Pay Pal:<\/strong> est l&rsquo;un des moyens les plus s\u00fbrs de payer en ligne, vous devez avoir un compte PayPal pour payer.<\/p>\n<p><strong>Carte de cr\u00e9dit via PayPal :<\/strong> est l&rsquo;un des moyens les plus s\u00fbrs de payer en ligne, vous n&rsquo;avez pas besoin d&rsquo;avoir un compte PayPal pour payer par carte de cr\u00e9dit.<\/p>\n<p><strong>En esp\u00e8ces:<\/strong> le paiement n&rsquo;est autoris\u00e9 que dans les limites autoris\u00e9es par la loi.<\/p>\n<p>Remarque : Tous les paiements effectu\u00e9s par carte de cr\u00e9dit ou de d\u00e9bit sont soumis \u00e0 l&rsquo;autorisation de l&rsquo;\u00e9metteur de la carte.<\/p>\n<\/div>\n<\/div>\n<\/div>\n<\/div>\n<\/div>\n<\/div>\n<div class=\"nm-row nm-row-boxed vc_row wpb_row vc_custom_1562180298920\">\n<div class=\"nm_column wpb_column vc_column_container col-sm-9 col-lg-3\">\n<div class=\"vc_column-inner\">\n<div class=\"wpb_wrapper\">\n<div class=\"wpb_text_column wpb_content_element \">\n<div class=\"wpb_wrapper\">\n<h4>Les frais de transaction<\/h4>\n<\/div>\n<\/div>\n<\/div>\n<\/div>\n<\/div>\n<div class=\"p_testo_pers nm_column wpb_column vc_column_container col-sm-9 col-lg-9 col-md-12\">\n<div class=\"vc_column-inner\">\n<div class=\"wpb_wrapper\">\n<div class=\"wpb_text_column wpb_content_element \">\n<div class=\"wpb_wrapper\">\n<p>Tous les frais de virement bancaire sont \u00e0 la charge de l&rsquo;acheteur.<\/p>\n<h4><strong>Devise<\/strong><\/h4>\n<p>Tous les prix sur le site sont en Euros (EUR) et incluent la TVA.<\/p>\n<h4><strong>Des prix<\/strong><\/h4>\n<p>Nous nous r\u00e9servons le droit de modifier les prix sans pr\u00e9avis.<br \/>\nLa liste des prix est v\u00e9rifi\u00e9e r\u00e9guli\u00e8rement et peut \u00eatre modifi\u00e9e \u00e0 tout moment.<br \/>\nLes prix au moment de la commande sont valables tout au long du processus d&rsquo;achat.<\/p>\n<p>Nous nous r\u00e9servons le droit d&rsquo;annuler la commande en cas d&rsquo;erreurs logicielles ou humaines (par exemple, produits avec un prix manifestement incorrect).<br \/>\nSi nous d\u00e9tectons une erreur dans le prix des produits que vous avez command\u00e9s, nous vous en informerons dans les plus brefs d\u00e9lais et vous donnerons la possibilit\u00e9 de reconfirmer la commande au prix correct ou de l&rsquo;annuler.<\/p>\n<\/div>\n<\/div>\n<\/div>\n<\/div>\n<\/div>\n<\/div>\n<div class=\"nm-row nm-row-boxed vc_row wpb_row vc_custom_1562180298920\">\n<div class=\"nm_column wpb_column vc_column_container col-sm-9 col-lg-3\">\n<div class=\"vc_column-inner\">\n<div class=\"wpb_wrapper\">\n<div class=\"wpb_text_column wpb_content_element \">\n<div class=\"wpb_wrapper\">\n<h4>Conditions de vente<\/h4>\n<\/div>\n<\/div>\n<\/div>\n<\/div>\n<\/div>\n<div class=\"p_testo_pers nm_column wpb_column vc_column_container col-sm-9 col-lg-9 col-md-12\">\n<div class=\"vc_column-inner\">\n<div class=\"wpb_wrapper\">\n<div class=\"wpb_text_column wpb_content_element \">\n<div class=\"wpb_wrapper\">\n<p>Les commandes ne seront pas exp\u00e9di\u00e9es tant que le paiement n&rsquo;aura pas \u00e9t\u00e9 re\u00e7u.<br \/>\nUne fois votre paiement valid\u00e9, votre commande sera trait\u00e9e et exp\u00e9di\u00e9e.<br \/>\nVotre commande n&rsquo;est accept\u00e9e que lorsque nous vous envoyons un e-mail de confirmation.<\/p>\n<\/div>\n<\/div>\n<\/div>\n<\/div>\n<\/div>\n<\/div>\n<div class=\"nm-row nm-row-boxed vc_row wpb_row vc_custom_1562180298920\">\n<div class=\"nm_column wpb_column vc_column_container col-sm-9 col-lg-3\">\n<div class=\"vc_column-inner\">\n<div class=\"wpb_wrapper\">\n<div class=\"wpb_text_column wpb_content_element \">\n<div class=\"wpb_wrapper\">\n<h4>douane<\/h4>\n<\/div>\n<\/div>\n<\/div>\n<\/div>\n<\/div>\n<div class=\"p_testo_pers nm_column wpb_column vc_column_container col-sm-9 col-lg-9 col-md-12\">\n<div class=\"vc_column-inner\">\n<div class=\"wpb_wrapper\">\n<div class=\"wpb_text_column wpb_content_element \">\n<div class=\"wpb_wrapper\">\n<p><strong>Pour les pays hors UE<\/strong><br \/>\nLes commandes exp\u00e9di\u00e9es vers des pays hors de l&rsquo;Union europ\u00e9enne (UE) incluront la TVA le cas \u00e9ch\u00e9ant, selon le pays de destination. Cependant, vous pouvez \u00eatre soumis \u00e0 des droits d&rsquo;importation et\/ou taxes locales, qui sont factur\u00e9s une fois que le colis arrive dans votre pays.<br \/>\nCela signifie que le montant final r\u00e9ellement pay\u00e9 ne prend pas en compte tous les imp\u00f4ts et taxes applicables dans votre pays.<br \/>\nNous ne sommes pas en mesure de vous communiquer le montant exact des frais et taxes qui s&rsquo;appliqueront \u00e0 votre commande, car ils vous seront factur\u00e9s directement par le bureau de douane du pays de destination.<\/p>\n<\/div>\n<\/div>\n<\/div>\n<\/div>\n<\/div>\n<\/div>\n<div class=\"nm-row nm-row-boxed vc_row wpb_row vc_custom_1562180298920\">\n<div class=\"nm_column wpb_column vc_column_container col-sm-9 col-lg-3\">\n<div class=\"vc_column-inner\">\n<div class=\"wpb_wrapper\">\n<div class=\"wpb_text_column wpb_content_element \">\n<div class=\"wpb_wrapper\">\n<h4>S\u00e9curit\u00e9 de paiement<\/h4>\n<\/div>\n<\/div>\n<\/div>\n<\/div>\n<\/div>\n<div class=\"p_testo_pers nm_column wpb_column vc_column_container col-sm-9 col-lg-9 col-md-12\">\n<div class=\"vc_column-inner\">\n<div class=\"wpb_wrapper\">\n<div class=\"wpb_text_column wpb_content_element \">\n<div class=\"wpb_wrapper\">\n<p>Les paiements par carte de cr\u00e9dit et compte Paypal sont effectu\u00e9s via la plateforme Paypal, donc les d\u00e9tails de la carte de cr\u00e9dit et du compte Paypal ne sont pas stock\u00e9s dans notre syst\u00e8me.<\/p>\n<p>Voir notre page sur<a href=\"https:\/\/mayacaffe.it\/privacy-policy-2\/\"> Politique de confidentialit\u00e9<\/a> pour obtenir des informations sur la fa\u00e7on dont nous prot\u00e9geons et utilisons vos informations personnelles.<\/p>\n<\/div>\n<\/div>\n<\/div>\n<\/div>\n<\/div>\n<\/div>\n<div class=\"nm-row nm-row-boxed vc_row wpb_row vc_custom_1562180298920\">\n<div class=\"nm_column wpb_column vc_column_container col-sm-9 col-lg-3\">\n<div class=\"vc_column-inner\">\n<div class=\"wpb_wrapper\">\n<div class=\"wpb_text_column wpb_content_element \">\n<div class=\"wpb_wrapper\">\n<h4>Codes de r\u00e9duction<\/h4>\n<\/div>\n<\/div>\n<\/div>\n<\/div>\n<\/div>\n<div class=\"p_testo_pers nm_column wpb_column vc_column_container col-sm-9 col-lg-9 col-md-12\">\n<div class=\"vc_column-inner\">\n<div class=\"wpb_wrapper\">\n<div class=\"wpb_text_column wpb_content_element \">\n<div class=\"wpb_wrapper\">\n<p>Nous nous r\u00e9servons le droit de suspendre tout code promotionnel sans pr\u00e9avis.<br \/>\nLes codes de r\u00e9duction ne sont pas \u00e9changeables contre des articles en solde, sauf indication contraire.<\/p>\n<\/div>\n<\/div>\n<\/div>\n<\/div>\n<\/div>\n<\/div>\n[\/vc_column_text][\/vc_column][\/vc_row]\n","protected":false},"excerpt":{"rendered":"<p>[vc_row type=\u00a0\u00bbin_container\u00a0\u00bb full_screen_row_position=\u00a0\u00bbmiddle\u00a0\u00bb column_margin=\u00a0\u00bbdefault\u00a0\u00bb column_direction=\u00a0\u00bbdefault\u00a0\u00bb column_direction_tablet=\u00a0\u00bbdefault\u00a0\u00bb column_direction_phone=\u00a0\u00bbdefault\u00a0\u00bb scene_position=\u00a0\u00bbcenter\u00a0\u00bb text_color=\u00a0\u00bbdark\u00a0\u00bb text_align=\u00a0\u00bbleft\u00a0\u00bb row_border_radius=\u00a0\u00bbnone\u00a0\u00bb row_border_radius_applies=\u00a0\u00bbbg\u00a0\u00bb overlay_strength=\u00a0\u00bb0.3&Prime; gradient_direction=\u00a0\u00bbleft_to_right\u00a0\u00bb shape_divider_position=\u00a0\u00bbbottom\u00a0\u00bb bg_image_animation=\u00a0\u00bbnone\u00a0\u00bb][vc_column column_padding=\u00a0\u00bbno-extra-padding\u00a0\u00bb column_padding_tablet=\u00a0\u00bbinherit\u00a0\u00bb column_padding_phone=\u00a0\u00bbinherit\u00a0\u00bb column_padding_position=\u00a0\u00bball\u00a0\u00bb background_color_opacity=\u00a0\u00bb1&Prime; background_hover_color_opacity=\u00a0\u00bb1&Prime; column_shadow=\u00a0\u00bbnone\u00a0\u00bb column_border_radius=\u00a0\u00bbnone\u00a0\u00bb column_link_target=\u00a0\u00bb_self\u00a0\u00bb gradient_direction=\u00a0\u00bbleft_to_right\u00a0\u00bb overlay_strength=\u00a0\u00bb0.3&Prime; width=\u00a0\u00bb1\/1&Prime; tablet_width_inherit=\u00a0\u00bbdefault\u00a0\u00bb tablet_text_alignment=\u00a0\u00bbdefault\u00a0\u00bb&#8230;<\/p>\n","protected":false},"author":1,"featured_media":0,"parent":0,"menu_order":0,"comment_status":"closed","ping_status":"closed","template":"","meta":{"footnotes":""},"class_list":["post-1725","page","type-page","status-publish"],"yoast_head":"<!-- This site is optimized with the Yoast SEO plugin v26.4 - https:\/\/yoast.com\/wordpress\/plugins\/seo\/ -->\n<title>Politique de paiement - Caff\u00e8 Maya Como<\/title>\n<meta name=\"robots\" content=\"index, follow, max-snippet:-1, max-image-preview:large, max-video-preview:-1\" \/>\n<link rel=\"canonical\" href=\"https:\/\/mayacaffe.it\/fr\/politique-de-paiement\/\" \/>\n<meta property=\"og:locale\" content=\"fr_FR\" \/>\n<meta property=\"og:type\" content=\"article\" \/>\n<meta property=\"og:title\" content=\"Politique de paiement - Caff\u00e8 Maya Como\" \/>\n<meta property=\"og:description\" content=\"[vc_row type=\u00a0\u00bbin_container\u00a0\u00bb full_screen_row_position=\u00a0\u00bbmiddle\u00a0\u00bb column_margin=\u00a0\u00bbdefault\u00a0\u00bb column_direction=\u00a0\u00bbdefault\u00a0\u00bb column_direction_tablet=\u00a0\u00bbdefault\u00a0\u00bb column_direction_phone=\u00a0\u00bbdefault\u00a0\u00bb scene_position=\u00a0\u00bbcenter\u00a0\u00bb text_color=\u00a0\u00bbdark\u00a0\u00bb text_align=\u00a0\u00bbleft\u00a0\u00bb row_border_radius=\u00a0\u00bbnone\u00a0\u00bb row_border_radius_applies=\u00a0\u00bbbg\u00a0\u00bb overlay_strength=\u00a0\u00bb0.3&Prime; gradient_direction=\u00a0\u00bbleft_to_right\u00a0\u00bb shape_divider_position=\u00a0\u00bbbottom\u00a0\u00bb bg_image_animation=\u00a0\u00bbnone\u00a0\u00bb][vc_column column_padding=\u00a0\u00bbno-extra-padding\u00a0\u00bb column_padding_tablet=\u00a0\u00bbinherit\u00a0\u00bb column_padding_phone=\u00a0\u00bbinherit\u00a0\u00bb column_padding_position=\u00a0\u00bball\u00a0\u00bb background_color_opacity=\u00a0\u00bb1&Prime; background_hover_color_opacity=\u00a0\u00bb1&Prime; column_shadow=\u00a0\u00bbnone\u00a0\u00bb column_border_radius=\u00a0\u00bbnone\u00a0\u00bb column_link_target=\u00a0\u00bb_self\u00a0\u00bb gradient_direction=\u00a0\u00bbleft_to_right\u00a0\u00bb overlay_strength=\u00a0\u00bb0.3&Prime; width=\u00a0\u00bb1\/1&Prime; tablet_width_inherit=\u00a0\u00bbdefault\u00a0\u00bb tablet_text_alignment=\u00a0\u00bbdefault\u00a0\u00bb...\" \/>\n<meta property=\"og:url\" content=\"https:\/\/mayacaffe.it\/fr\/politique-de-paiement\/\" \/>\n<meta property=\"og:site_name\" content=\"Caff\u00e8 Maya Como\" \/>\n<meta property=\"article:publisher\" content=\"https:\/\/www.facebook.com\/mayacaffecomo\/\" \/>\n<meta property=\"article:modified_time\" content=\"2021-07-29T22:20:59+00:00\" \/>\n<meta name=\"twitter:card\" content=\"summary_large_image\" \/>\n<meta name=\"twitter:label1\" content=\"Dur\u00e9e de lecture estim\u00e9e\" \/>\n\t<meta name=\"twitter:data1\" content=\"4 minutes\" \/>\n<script type=\"application\/ld+json\" class=\"yoast-schema-graph\">{\"@context\":\"https:\/\/schema.org\",\"@graph\":[{\"@type\":\"WebPage\",\"@id\":\"https:\/\/mayacaffe.it\/fr\/politique-de-paiement\/\",\"url\":\"https:\/\/mayacaffe.it\/fr\/politique-de-paiement\/\",\"name\":\"Politique de paiement - Caff\u00e8 Maya Como\",\"isPartOf\":{\"@id\":\"https:\/\/mayacaffe.it\/fr\/#website\"},\"datePublished\":\"2021-07-29T22:20:00+00:00\",\"dateModified\":\"2021-07-29T22:20:59+00:00\",\"breadcrumb\":{\"@id\":\"https:\/\/mayacaffe.it\/fr\/politique-de-paiement\/#breadcrumb\"},\"inLanguage\":\"fr-FR\",\"potentialAction\":[{\"@type\":\"ReadAction\",\"target\":[\"https:\/\/mayacaffe.it\/fr\/politique-de-paiement\/\"]}]},{\"@type\":\"BreadcrumbList\",\"@id\":\"https:\/\/mayacaffe.it\/fr\/politique-de-paiement\/#breadcrumb\",\"itemListElement\":[{\"@type\":\"ListItem\",\"position\":1,\"name\":\"Home\",\"item\":\"https:\/\/mayacaffe.it\/fr\/\"},{\"@type\":\"ListItem\",\"position\":2,\"name\":\"Politique de paiement\"}]},{\"@type\":\"WebSite\",\"@id\":\"https:\/\/mayacaffe.it\/fr\/#website\",\"url\":\"https:\/\/mayacaffe.it\/fr\/\",\"name\":\"Caff\u00e8 Maya Como\",\"description\":\"Torrefazione di Produzione Artigianale Caff\u00e8 Maya Como\",\"publisher\":{\"@id\":\"https:\/\/mayacaffe.it\/fr\/#organization\"},\"potentialAction\":[{\"@type\":\"SearchAction\",\"target\":{\"@type\":\"EntryPoint\",\"urlTemplate\":\"https:\/\/mayacaffe.it\/fr\/?s={search_term_string}\"},\"query-input\":{\"@type\":\"PropertyValueSpecification\",\"valueRequired\":true,\"valueName\":\"search_term_string\"}}],\"inLanguage\":\"fr-FR\"},{\"@type\":\"Organization\",\"@id\":\"https:\/\/mayacaffe.it\/fr\/#organization\",\"name\":\"Torrefazione Caff\u00e8 MAYA S.A.S di Rimoldi D & C\",\"url\":\"https:\/\/mayacaffe.it\/fr\/\",\"logo\":{\"@type\":\"ImageObject\",\"inLanguage\":\"fr-FR\",\"@id\":\"https:\/\/mayacaffe.it\/fr\/#\/schema\/logo\/image\/\",\"url\":\"https:\/\/mayacaffe.it\/wp-content\/uploads\/2020\/04\/logo-maya-tr.png\",\"contentUrl\":\"https:\/\/mayacaffe.it\/wp-content\/uploads\/2020\/04\/logo-maya-tr.png\",\"width\":198,\"height\":198,\"caption\":\"Torrefazione Caff\u00e8 MAYA S.A.S di Rimoldi D & C\"},\"image\":{\"@id\":\"https:\/\/mayacaffe.it\/fr\/#\/schema\/logo\/image\/\"},\"sameAs\":[\"https:\/\/www.facebook.com\/mayacaffecomo\/\"]}]}<\/script>\n<!-- \/ Yoast SEO plugin. -->","yoast_head_json":{"title":"Politique de paiement - Caff\u00e8 Maya Como","robots":{"index":"index","follow":"follow","max-snippet":"max-snippet:-1","max-image-preview":"max-image-preview:large","max-video-preview":"max-video-preview:-1"},"canonical":"https:\/\/mayacaffe.it\/fr\/politique-de-paiement\/","og_locale":"fr_FR","og_type":"article","og_title":"Politique de paiement - Caff\u00e8 Maya Como","og_description":"[vc_row type=\u00a0\u00bbin_container\u00a0\u00bb full_screen_row_position=\u00a0\u00bbmiddle\u00a0\u00bb column_margin=\u00a0\u00bbdefault\u00a0\u00bb column_direction=\u00a0\u00bbdefault\u00a0\u00bb column_direction_tablet=\u00a0\u00bbdefault\u00a0\u00bb column_direction_phone=\u00a0\u00bbdefault\u00a0\u00bb scene_position=\u00a0\u00bbcenter\u00a0\u00bb text_color=\u00a0\u00bbdark\u00a0\u00bb text_align=\u00a0\u00bbleft\u00a0\u00bb row_border_radius=\u00a0\u00bbnone\u00a0\u00bb row_border_radius_applies=\u00a0\u00bbbg\u00a0\u00bb overlay_strength=\u00a0\u00bb0.3&Prime; gradient_direction=\u00a0\u00bbleft_to_right\u00a0\u00bb shape_divider_position=\u00a0\u00bbbottom\u00a0\u00bb bg_image_animation=\u00a0\u00bbnone\u00a0\u00bb][vc_column column_padding=\u00a0\u00bbno-extra-padding\u00a0\u00bb column_padding_tablet=\u00a0\u00bbinherit\u00a0\u00bb column_padding_phone=\u00a0\u00bbinherit\u00a0\u00bb column_padding_position=\u00a0\u00bball\u00a0\u00bb background_color_opacity=\u00a0\u00bb1&Prime; background_hover_color_opacity=\u00a0\u00bb1&Prime; column_shadow=\u00a0\u00bbnone\u00a0\u00bb column_border_radius=\u00a0\u00bbnone\u00a0\u00bb column_link_target=\u00a0\u00bb_self\u00a0\u00bb gradient_direction=\u00a0\u00bbleft_to_right\u00a0\u00bb overlay_strength=\u00a0\u00bb0.3&Prime; width=\u00a0\u00bb1\/1&Prime; tablet_width_inherit=\u00a0\u00bbdefault\u00a0\u00bb tablet_text_alignment=\u00a0\u00bbdefault\u00a0\u00bb...","og_url":"https:\/\/mayacaffe.it\/fr\/politique-de-paiement\/","og_site_name":"Caff\u00e8 Maya Como","article_publisher":"https:\/\/www.facebook.com\/mayacaffecomo\/","article_modified_time":"2021-07-29T22:20:59+00:00","twitter_card":"summary_large_image","twitter_misc":{"Dur\u00e9e de lecture estim\u00e9e":"4 minutes"},"schema":{"@context":"https:\/\/schema.org","@graph":[{"@type":"WebPage","@id":"https:\/\/mayacaffe.it\/fr\/politique-de-paiement\/","url":"https:\/\/mayacaffe.it\/fr\/politique-de-paiement\/","name":"Politique de paiement - Caff\u00e8 Maya Como","isPartOf":{"@id":"https:\/\/mayacaffe.it\/fr\/#website"},"datePublished":"2021-07-29T22:20:00+00:00","dateModified":"2021-07-29T22:20:59+00:00","breadcrumb":{"@id":"https:\/\/mayacaffe.it\/fr\/politique-de-paiement\/#breadcrumb"},"inLanguage":"fr-FR","potentialAction":[{"@type":"ReadAction","target":["https:\/\/mayacaffe.it\/fr\/politique-de-paiement\/"]}]},{"@type":"BreadcrumbList","@id":"https:\/\/mayacaffe.it\/fr\/politique-de-paiement\/#breadcrumb","itemListElement":[{"@type":"ListItem","position":1,"name":"Home","item":"https:\/\/mayacaffe.it\/fr\/"},{"@type":"ListItem","position":2,"name":"Politique de paiement"}]},{"@type":"WebSite","@id":"https:\/\/mayacaffe.it\/fr\/#website","url":"https:\/\/mayacaffe.it\/fr\/","name":"Caff\u00e8 Maya Como","description":"Torrefazione di Produzione Artigianale Caff\u00e8 Maya Como","publisher":{"@id":"https:\/\/mayacaffe.it\/fr\/#organization"},"potentialAction":[{"@type":"SearchAction","target":{"@type":"EntryPoint","urlTemplate":"https:\/\/mayacaffe.it\/fr\/?s={search_term_string}"},"query-input":{"@type":"PropertyValueSpecification","valueRequired":true,"valueName":"search_term_string"}}],"inLanguage":"fr-FR"},{"@type":"Organization","@id":"https:\/\/mayacaffe.it\/fr\/#organization","name":"Torrefazione Caff\u00e8 MAYA S.A.S di Rimoldi D & C","url":"https:\/\/mayacaffe.it\/fr\/","logo":{"@type":"ImageObject","inLanguage":"fr-FR","@id":"https:\/\/mayacaffe.it\/fr\/#\/schema\/logo\/image\/","url":"https:\/\/mayacaffe.it\/wp-content\/uploads\/2020\/04\/logo-maya-tr.png","contentUrl":"https:\/\/mayacaffe.it\/wp-content\/uploads\/2020\/04\/logo-maya-tr.png","width":198,"height":198,"caption":"Torrefazione Caff\u00e8 MAYA S.A.S di Rimoldi D & C"},"image":{"@id":"https:\/\/mayacaffe.it\/fr\/#\/schema\/logo\/image\/"},"sameAs":["https:\/\/www.facebook.com\/mayacaffecomo\/"]}]}},"_links":{"self":[{"href":"https:\/\/mayacaffe.it\/fr\/wp-json\/wp\/v2\/pages\/1725","targetHints":{"allow":["GET"]}}],"collection":[{"href":"https:\/\/mayacaffe.it\/fr\/wp-json\/wp\/v2\/pages"}],"about":[{"href":"https:\/\/mayacaffe.it\/fr\/wp-json\/wp\/v2\/types\/page"}],"author":[{"embeddable":true,"href":"https:\/\/mayacaffe.it\/fr\/wp-json\/wp\/v2\/users\/1"}],"replies":[{"embeddable":true,"href":"https:\/\/mayacaffe.it\/fr\/wp-json\/wp\/v2\/comments?post=1725"}],"version-history":[{"count":14,"href":"https:\/\/mayacaffe.it\/fr\/wp-json\/wp\/v2\/pages\/1725\/revisions"}],"predecessor-version":[{"id":1759,"href":"https:\/\/mayacaffe.it\/fr\/wp-json\/wp\/v2\/pages\/1725\/revisions\/1759"}],"wp:attachment":[{"href":"https:\/\/mayacaffe.it\/fr\/wp-json\/wp\/v2\/media?parent=1725"}],"curies":[{"name":"wp","href":"https:\/\/api.w.org\/{rel}","templated":true}]}}