{"id":1762,"date":"2021-07-30T00:21:47","date_gmt":"2021-07-29T22:21:47","guid":{"rendered":"https:\/\/mayacaffe.it\/retour\/"},"modified":"2021-07-30T00:22:36","modified_gmt":"2021-07-29T22:22:36","slug":"retour","status":"publish","type":"page","link":"https:\/\/mayacaffe.it\/fr\/retour\/","title":{"rendered":"Politique de retour"},"content":{"rendered":"[vc_row type=\u00a0\u00bbin_container\u00a0\u00bb full_screen_row_position=\u00a0\u00bbmiddle\u00a0\u00bb column_margin=\u00a0\u00bbdefault\u00a0\u00bb column_direction=\u00a0\u00bbdefault\u00a0\u00bb column_direction_tablet=\u00a0\u00bbdefault\u00a0\u00bb column_direction_phone=\u00a0\u00bbdefault\u00a0\u00bb scene_position=\u00a0\u00bbcenter\u00a0\u00bb text_color=\u00a0\u00bbdark\u00a0\u00bb text_align=\u00a0\u00bbleft\u00a0\u00bb row_border_radius=\u00a0\u00bbnone\u00a0\u00bb row_border_radius_applies=\u00a0\u00bbbg\u00a0\u00bb overlay_strength=\u00a0\u00bb0.3&Prime; gradient_direction=\u00a0\u00bbleft_to_right\u00a0\u00bb shape_divider_position=\u00a0\u00bbbottom\u00a0\u00bb bg_image_animation=\u00a0\u00bbnone\u00a0\u00bb][vc_column column_padding=\u00a0\u00bbno-extra-padding\u00a0\u00bb column_padding_tablet=\u00a0\u00bbinherit\u00a0\u00bb column_padding_phone=\u00a0\u00bbinherit\u00a0\u00bb column_padding_position=\u00a0\u00bball\u00a0\u00bb background_color_opacity=\u00a0\u00bb1&Prime; background_hover_color_opacity=\u00a0\u00bb1&Prime; column_shadow=\u00a0\u00bbnone\u00a0\u00bb column_border_radius=\u00a0\u00bbnone\u00a0\u00bb column_link_target=\u00a0\u00bb_self\u00a0\u00bb gradient_direction=\u00a0\u00bbleft_to_right\u00a0\u00bb overlay_strength=\u00a0\u00bb0.3&Prime; width=\u00a0\u00bb1\/1&Prime; tablet_width_inherit=\u00a0\u00bbdefault\u00a0\u00bb tablet_text_alignment=\u00a0\u00bbdefault\u00a0\u00bb phone_text_alignment=\u00a0\u00bbdefault\u00a0\u00bb column_border_width=\u00a0\u00bbnone\u00a0\u00bb column_border_style=\u00a0\u00bbsolid\u00a0\u00bb bg_image_animation=\u00a0\u00bbnone\u00a0\u00bb][vc_column_text]\n<div class=\"nm-row nm-row-boxed vc_row wpb_row vc_custom_1432752631369\">\n<div class=\"nm_column wpb_column vc_column_container col-sm-9 col-lg-4\">\n<div class=\"vc_column-inner\">\n<div class=\"wpb_wrapper\">\n<div class=\"wpb_text_column wpb_content_element \">\n<div class=\"wpb_wrapper\">\n<h2>Retours et \u00e9changes<\/h2>\n<\/div>\n<\/div>\n<div class=\"vc_empty_space\"><\/div>\n<\/div>\n<\/div>\n<\/div>\n<\/div>\n<div class=\"nm-row nm-row-boxed vc_row wpb_row vc_custom_1562180298920\">\n<div class=\"nm_column wpb_column vc_column_container col-sm-9 col-lg-3\">\n<div class=\"vc_column-inner\">\n<div class=\"wpb_wrapper\">\n<div class=\"wpb_text_column wpb_content_element \">\n<div class=\"wpb_wrapper\">\n<h4>Politique de retour g\u00e9n\u00e9rale<\/h4>\n<\/div>\n<\/div>\n<\/div>\n<\/div>\n<\/div>\n<div class=\"p_testo_pers nm_column wpb_column vc_column_container col-sm-9 col-lg-9 col-md-12\">\n<div class=\"vc_column-inner\">\n<div class=\"wpb_wrapper\">\n<div class=\"wpb_text_column wpb_content_element \">\n<div class=\"wpb_wrapper\">\n<p>Tous les produits achet\u00e9s sur le site Internet peuvent \u00eatre retourn\u00e9s ou \u00e9chang\u00e9s dans un d\u00e9lai de 14 jours ouvr\u00e9s \u00e0 compter du jour de r\u00e9ception du colis.<\/p>\n<p>Il est pr\u00e9cis\u00e9 que :<br \/>\n&#8211; nous ne rembourserons pas les remises, coupons ou offres sp\u00e9ciales appliqu\u00e9s.<br \/>\n&#8211; les frais de virement bancaire encourus lors du rachat seront factur\u00e9s le cas \u00e9ch\u00e9ant.<br \/>\n&#8211; il n&rsquo;y a pas de remboursement en cas de perte du colis.<br \/>\n&#8211; les frais d&rsquo;exp\u00e9dition sont \u00e0 la charge de l&rsquo;Utilisateur.<br \/>\nNous ne pouvons accepter le retour\/\u00e9change que des produits qui :<br \/>\nils sont \u00e0 l&rsquo;\u00e9tat neuf, inutilis\u00e9s, n&rsquo;ont pas \u00e9t\u00e9 modifi\u00e9s ou utilis\u00e9s de quelque mani\u00e8re que ce soit.<\/p>\n<\/div>\n<\/div>\n<\/div>\n<\/div>\n<\/div>\n<\/div>\n<div class=\"nm-row nm-row-boxed vc_row wpb_row vc_custom_1562180298920\">\n<div class=\"nm_column wpb_column vc_column_container col-sm-9 col-lg-3\">\n<div class=\"vc_column-inner\">\n<div class=\"wpb_wrapper\">\n<div class=\"wpb_text_column wpb_content_element \">\n<div class=\"wpb_wrapper\">\n<h4>Comment retourner un article<\/h4>\n<\/div>\n<\/div>\n<\/div>\n<\/div>\n<\/div>\n<div class=\"p_testo_pers nm_column wpb_column vc_column_container col-sm-9 col-lg-9 col-md-12\">\n<div class=\"vc_column-inner\">\n<div class=\"wpb_wrapper\">\n<div class=\"wpb_text_column wpb_content_element \">\n<div class=\"wpb_wrapper\">\n<p>La premi\u00e8re \u00e9tape pour tout retour\/\u00e9change est de nous contacter dans les plus brefs d\u00e9lais (dans les 14 jours ouvr\u00e9s suivant la r\u00e9ception du colis).<br \/>\nEnvoyez-nous un email comprenant :<\/p>\n<p>&#8211; Votre num\u00e9ro de commande<br \/>\n&#8211; Nom du produit achet\u00e9<br \/>\n&#8211; Le motif du retour du produit<br \/>\nNous vous contacterons pour vous aider et vous guider tout au long du processus de retour.<br \/>\nSi vous recevez un article endommag\u00e9 ou un produit diff\u00e9rent de celui que vous avez command\u00e9, veuillez nous contacter d\u00e8s que vous recevez les articles achet\u00e9s.<br \/>\nNous vous rappelons que nous acceptons les retours\/\u00e9changes sous 14 jours ouvr\u00e9s \u00e0 compter du jour de r\u00e9ception du colis.<\/p>\n<\/div>\n<\/div>\n<\/div>\n<\/div>\n<\/div>\n<\/div>\n<div class=\"nm-row nm-row-boxed vc_row wpb_row vc_custom_1562180298920\">\n<div class=\"nm_column wpb_column vc_column_container col-sm-9 col-lg-3\">\n<div class=\"vc_column-inner\">\n<div class=\"wpb_wrapper\">\n<div class=\"wpb_text_column wpb_content_element \">\n<div class=\"wpb_wrapper\">\n<h4>Articles d\u00e9fectueux<\/h4>\n<\/div>\n<\/div>\n<\/div>\n<\/div>\n<\/div>\n<div class=\"p_testo_pers nm_column wpb_column vc_column_container col-sm-9 col-lg-9 col-md-12\">\n<div class=\"vc_column-inner\">\n<div class=\"wpb_wrapper\">\n<div class=\"wpb_text_column wpb_content_element \">\n<div class=\"wpb_wrapper\">\n<p>Si vous recevez un article endommag\u00e9 ou un produit diff\u00e9rent de celui que vous avez command\u00e9, veuillez nous contacter d\u00e8s que vous recevez les articles achet\u00e9s.<br \/>\nNous vous rappelons que nous acceptons les retours\/\u00e9changes sous 14 jours ouvr\u00e9s \u00e0 compter du jour de r\u00e9ception du colis.<\/p>\n<p>Veuillez nous envoyer un e-mail en indiquant le num\u00e9ro de commande et la nature du d\u00e9faut (avec de pr\u00e9f\u00e9rence des photos des d\u00e9g\u00e2ts).<br \/>\nNous prendrons en charge votre demande et vous assisterons dans le processus de retour.<\/p>\n<p>En cas de produit d\u00e9fectueux ou d&rsquo;erreur de notre part, nous vous rembourserons le montant pay\u00e9 pour l&rsquo;article, les frais de port engag\u00e9s pour retourner les articles.<\/p>\n<\/div>\n<\/div>\n<\/div>\n<\/div>\n<\/div>\n<\/div>\n<div class=\"nm-row nm-row-boxed vc_row wpb_row vc_custom_1562180298920\">\n<div class=\"nm_column wpb_column vc_column_container col-sm-9 col-lg-3\">\n<div class=\"vc_column-inner\">\n<div class=\"wpb_wrapper\">\n<div class=\"wpb_text_column wpb_content_element \">\n<div class=\"wpb_wrapper\">\n<h4>Calcul du Remboursement<\/h4>\n<\/div>\n<\/div>\n<\/div>\n<\/div>\n<\/div>\n<div class=\"p_testo_pers nm_column wpb_column vc_column_container col-sm-9 col-lg-9 col-md-12\">\n<div class=\"vc_column-inner\">\n<div class=\"wpb_wrapper\">\n<div class=\"wpb_text_column wpb_content_element \">\n<div class=\"wpb_wrapper\">\n<p>Le remboursement sera calcul\u00e9 en fonction du prix.<\/p>\n<\/div>\n<\/div>\n<\/div>\n<\/div>\n<\/div>\n<\/div>\n[\/vc_column_text][\/vc_column][\/vc_row]\n","protected":false},"excerpt":{"rendered":"<p>[vc_row type=\u00a0\u00bbin_container\u00a0\u00bb full_screen_row_position=\u00a0\u00bbmiddle\u00a0\u00bb column_margin=\u00a0\u00bbdefault\u00a0\u00bb column_direction=\u00a0\u00bbdefault\u00a0\u00bb column_direction_tablet=\u00a0\u00bbdefault\u00a0\u00bb column_direction_phone=\u00a0\u00bbdefault\u00a0\u00bb scene_position=\u00a0\u00bbcenter\u00a0\u00bb text_color=\u00a0\u00bbdark\u00a0\u00bb text_align=\u00a0\u00bbleft\u00a0\u00bb row_border_radius=\u00a0\u00bbnone\u00a0\u00bb row_border_radius_applies=\u00a0\u00bbbg\u00a0\u00bb overlay_strength=\u00a0\u00bb0.3&Prime; gradient_direction=\u00a0\u00bbleft_to_right\u00a0\u00bb shape_divider_position=\u00a0\u00bbbottom\u00a0\u00bb bg_image_animation=\u00a0\u00bbnone\u00a0\u00bb][vc_column column_padding=\u00a0\u00bbno-extra-padding\u00a0\u00bb column_padding_tablet=\u00a0\u00bbinherit\u00a0\u00bb column_padding_phone=\u00a0\u00bbinherit\u00a0\u00bb column_padding_position=\u00a0\u00bball\u00a0\u00bb background_color_opacity=\u00a0\u00bb1&Prime; background_hover_color_opacity=\u00a0\u00bb1&Prime; column_shadow=\u00a0\u00bbnone\u00a0\u00bb column_border_radius=\u00a0\u00bbnone\u00a0\u00bb column_link_target=\u00a0\u00bb_self\u00a0\u00bb gradient_direction=\u00a0\u00bbleft_to_right\u00a0\u00bb overlay_strength=\u00a0\u00bb0.3&Prime; width=\u00a0\u00bb1\/1&Prime; tablet_width_inherit=\u00a0\u00bbdefault\u00a0\u00bb tablet_text_alignment=\u00a0\u00bbdefault\u00a0\u00bb&#8230;<\/p>\n","protected":false},"author":1,"featured_media":0,"parent":0,"menu_order":0,"comment_status":"closed","ping_status":"closed","template":"","meta":{"footnotes":""},"class_list":["post-1762","page","type-page","status-publish"],"yoast_head":"<!-- This site is optimized with the Yoast SEO plugin v26.4 - https:\/\/yoast.com\/wordpress\/plugins\/seo\/ -->\n<title>Politique de retour - Caff\u00e8 Maya Como<\/title>\n<meta name=\"robots\" content=\"index, follow, max-snippet:-1, max-image-preview:large, max-video-preview:-1\" \/>\n<link rel=\"canonical\" href=\"https:\/\/mayacaffe.it\/fr\/retour\/\" \/>\n<meta property=\"og:locale\" content=\"fr_FR\" \/>\n<meta property=\"og:type\" content=\"article\" \/>\n<meta property=\"og:title\" content=\"Politique de retour - Caff\u00e8 Maya Como\" \/>\n<meta property=\"og:description\" content=\"[vc_row type=\u00a0\u00bbin_container\u00a0\u00bb full_screen_row_position=\u00a0\u00bbmiddle\u00a0\u00bb column_margin=\u00a0\u00bbdefault\u00a0\u00bb column_direction=\u00a0\u00bbdefault\u00a0\u00bb column_direction_tablet=\u00a0\u00bbdefault\u00a0\u00bb column_direction_phone=\u00a0\u00bbdefault\u00a0\u00bb scene_position=\u00a0\u00bbcenter\u00a0\u00bb text_color=\u00a0\u00bbdark\u00a0\u00bb text_align=\u00a0\u00bbleft\u00a0\u00bb row_border_radius=\u00a0\u00bbnone\u00a0\u00bb row_border_radius_applies=\u00a0\u00bbbg\u00a0\u00bb overlay_strength=\u00a0\u00bb0.3&Prime; gradient_direction=\u00a0\u00bbleft_to_right\u00a0\u00bb shape_divider_position=\u00a0\u00bbbottom\u00a0\u00bb bg_image_animation=\u00a0\u00bbnone\u00a0\u00bb][vc_column column_padding=\u00a0\u00bbno-extra-padding\u00a0\u00bb column_padding_tablet=\u00a0\u00bbinherit\u00a0\u00bb column_padding_phone=\u00a0\u00bbinherit\u00a0\u00bb column_padding_position=\u00a0\u00bball\u00a0\u00bb background_color_opacity=\u00a0\u00bb1&Prime; background_hover_color_opacity=\u00a0\u00bb1&Prime; column_shadow=\u00a0\u00bbnone\u00a0\u00bb column_border_radius=\u00a0\u00bbnone\u00a0\u00bb column_link_target=\u00a0\u00bb_self\u00a0\u00bb gradient_direction=\u00a0\u00bbleft_to_right\u00a0\u00bb overlay_strength=\u00a0\u00bb0.3&Prime; width=\u00a0\u00bb1\/1&Prime; tablet_width_inherit=\u00a0\u00bbdefault\u00a0\u00bb tablet_text_alignment=\u00a0\u00bbdefault\u00a0\u00bb...\" \/>\n<meta property=\"og:url\" content=\"https:\/\/mayacaffe.it\/fr\/retour\/\" \/>\n<meta property=\"og:site_name\" content=\"Caff\u00e8 Maya Como\" \/>\n<meta property=\"article:publisher\" content=\"https:\/\/www.facebook.com\/mayacaffecomo\/\" \/>\n<meta property=\"article:modified_time\" content=\"2021-07-29T22:22:36+00:00\" \/>\n<meta name=\"twitter:card\" content=\"summary_large_image\" \/>\n<meta name=\"twitter:label1\" content=\"Dur\u00e9e de lecture estim\u00e9e\" \/>\n\t<meta name=\"twitter:data1\" content=\"3 minutes\" \/>\n<script type=\"application\/ld+json\" class=\"yoast-schema-graph\">{\"@context\":\"https:\/\/schema.org\",\"@graph\":[{\"@type\":\"WebPage\",\"@id\":\"https:\/\/mayacaffe.it\/fr\/retour\/\",\"url\":\"https:\/\/mayacaffe.it\/fr\/retour\/\",\"name\":\"Politique de retour - Caff\u00e8 Maya Como\",\"isPartOf\":{\"@id\":\"https:\/\/mayacaffe.it\/fr\/#website\"},\"datePublished\":\"2021-07-29T22:21:47+00:00\",\"dateModified\":\"2021-07-29T22:22:36+00:00\",\"breadcrumb\":{\"@id\":\"https:\/\/mayacaffe.it\/fr\/retour\/#breadcrumb\"},\"inLanguage\":\"fr-FR\",\"potentialAction\":[{\"@type\":\"ReadAction\",\"target\":[\"https:\/\/mayacaffe.it\/fr\/retour\/\"]}]},{\"@type\":\"BreadcrumbList\",\"@id\":\"https:\/\/mayacaffe.it\/fr\/retour\/#breadcrumb\",\"itemListElement\":[{\"@type\":\"ListItem\",\"position\":1,\"name\":\"Home\",\"item\":\"https:\/\/mayacaffe.it\/fr\/\"},{\"@type\":\"ListItem\",\"position\":2,\"name\":\"Politique de retour\"}]},{\"@type\":\"WebSite\",\"@id\":\"https:\/\/mayacaffe.it\/fr\/#website\",\"url\":\"https:\/\/mayacaffe.it\/fr\/\",\"name\":\"Caff\u00e8 Maya Como\",\"description\":\"Torrefazione di Produzione Artigianale Caff\u00e8 Maya Como\",\"publisher\":{\"@id\":\"https:\/\/mayacaffe.it\/fr\/#organization\"},\"potentialAction\":[{\"@type\":\"SearchAction\",\"target\":{\"@type\":\"EntryPoint\",\"urlTemplate\":\"https:\/\/mayacaffe.it\/fr\/?s={search_term_string}\"},\"query-input\":{\"@type\":\"PropertyValueSpecification\",\"valueRequired\":true,\"valueName\":\"search_term_string\"}}],\"inLanguage\":\"fr-FR\"},{\"@type\":\"Organization\",\"@id\":\"https:\/\/mayacaffe.it\/fr\/#organization\",\"name\":\"Torrefazione Caff\u00e8 MAYA S.A.S di Rimoldi D & C\",\"url\":\"https:\/\/mayacaffe.it\/fr\/\",\"logo\":{\"@type\":\"ImageObject\",\"inLanguage\":\"fr-FR\",\"@id\":\"https:\/\/mayacaffe.it\/fr\/#\/schema\/logo\/image\/\",\"url\":\"https:\/\/mayacaffe.it\/wp-content\/uploads\/2020\/04\/logo-maya-tr.png\",\"contentUrl\":\"https:\/\/mayacaffe.it\/wp-content\/uploads\/2020\/04\/logo-maya-tr.png\",\"width\":198,\"height\":198,\"caption\":\"Torrefazione Caff\u00e8 MAYA S.A.S di Rimoldi D & C\"},\"image\":{\"@id\":\"https:\/\/mayacaffe.it\/fr\/#\/schema\/logo\/image\/\"},\"sameAs\":[\"https:\/\/www.facebook.com\/mayacaffecomo\/\"]}]}<\/script>\n<!-- \/ Yoast SEO plugin. -->","yoast_head_json":{"title":"Politique de retour - Caff\u00e8 Maya Como","robots":{"index":"index","follow":"follow","max-snippet":"max-snippet:-1","max-image-preview":"max-image-preview:large","max-video-preview":"max-video-preview:-1"},"canonical":"https:\/\/mayacaffe.it\/fr\/retour\/","og_locale":"fr_FR","og_type":"article","og_title":"Politique de retour - Caff\u00e8 Maya Como","og_description":"[vc_row type=\u00a0\u00bbin_container\u00a0\u00bb full_screen_row_position=\u00a0\u00bbmiddle\u00a0\u00bb column_margin=\u00a0\u00bbdefault\u00a0\u00bb column_direction=\u00a0\u00bbdefault\u00a0\u00bb column_direction_tablet=\u00a0\u00bbdefault\u00a0\u00bb column_direction_phone=\u00a0\u00bbdefault\u00a0\u00bb scene_position=\u00a0\u00bbcenter\u00a0\u00bb text_color=\u00a0\u00bbdark\u00a0\u00bb text_align=\u00a0\u00bbleft\u00a0\u00bb row_border_radius=\u00a0\u00bbnone\u00a0\u00bb row_border_radius_applies=\u00a0\u00bbbg\u00a0\u00bb overlay_strength=\u00a0\u00bb0.3&Prime; gradient_direction=\u00a0\u00bbleft_to_right\u00a0\u00bb shape_divider_position=\u00a0\u00bbbottom\u00a0\u00bb bg_image_animation=\u00a0\u00bbnone\u00a0\u00bb][vc_column column_padding=\u00a0\u00bbno-extra-padding\u00a0\u00bb column_padding_tablet=\u00a0\u00bbinherit\u00a0\u00bb column_padding_phone=\u00a0\u00bbinherit\u00a0\u00bb column_padding_position=\u00a0\u00bball\u00a0\u00bb background_color_opacity=\u00a0\u00bb1&Prime; background_hover_color_opacity=\u00a0\u00bb1&Prime; column_shadow=\u00a0\u00bbnone\u00a0\u00bb column_border_radius=\u00a0\u00bbnone\u00a0\u00bb column_link_target=\u00a0\u00bb_self\u00a0\u00bb gradient_direction=\u00a0\u00bbleft_to_right\u00a0\u00bb overlay_strength=\u00a0\u00bb0.3&Prime; width=\u00a0\u00bb1\/1&Prime; tablet_width_inherit=\u00a0\u00bbdefault\u00a0\u00bb tablet_text_alignment=\u00a0\u00bbdefault\u00a0\u00bb...","og_url":"https:\/\/mayacaffe.it\/fr\/retour\/","og_site_name":"Caff\u00e8 Maya Como","article_publisher":"https:\/\/www.facebook.com\/mayacaffecomo\/","article_modified_time":"2021-07-29T22:22:36+00:00","twitter_card":"summary_large_image","twitter_misc":{"Dur\u00e9e de lecture estim\u00e9e":"3 minutes"},"schema":{"@context":"https:\/\/schema.org","@graph":[{"@type":"WebPage","@id":"https:\/\/mayacaffe.it\/fr\/retour\/","url":"https:\/\/mayacaffe.it\/fr\/retour\/","name":"Politique de retour - Caff\u00e8 Maya Como","isPartOf":{"@id":"https:\/\/mayacaffe.it\/fr\/#website"},"datePublished":"2021-07-29T22:21:47+00:00","dateModified":"2021-07-29T22:22:36+00:00","breadcrumb":{"@id":"https:\/\/mayacaffe.it\/fr\/retour\/#breadcrumb"},"inLanguage":"fr-FR","potentialAction":[{"@type":"ReadAction","target":["https:\/\/mayacaffe.it\/fr\/retour\/"]}]},{"@type":"BreadcrumbList","@id":"https:\/\/mayacaffe.it\/fr\/retour\/#breadcrumb","itemListElement":[{"@type":"ListItem","position":1,"name":"Home","item":"https:\/\/mayacaffe.it\/fr\/"},{"@type":"ListItem","position":2,"name":"Politique de retour"}]},{"@type":"WebSite","@id":"https:\/\/mayacaffe.it\/fr\/#website","url":"https:\/\/mayacaffe.it\/fr\/","name":"Caff\u00e8 Maya Como","description":"Torrefazione di Produzione Artigianale Caff\u00e8 Maya Como","publisher":{"@id":"https:\/\/mayacaffe.it\/fr\/#organization"},"potentialAction":[{"@type":"SearchAction","target":{"@type":"EntryPoint","urlTemplate":"https:\/\/mayacaffe.it\/fr\/?s={search_term_string}"},"query-input":{"@type":"PropertyValueSpecification","valueRequired":true,"valueName":"search_term_string"}}],"inLanguage":"fr-FR"},{"@type":"Organization","@id":"https:\/\/mayacaffe.it\/fr\/#organization","name":"Torrefazione Caff\u00e8 MAYA S.A.S di Rimoldi D & C","url":"https:\/\/mayacaffe.it\/fr\/","logo":{"@type":"ImageObject","inLanguage":"fr-FR","@id":"https:\/\/mayacaffe.it\/fr\/#\/schema\/logo\/image\/","url":"https:\/\/mayacaffe.it\/wp-content\/uploads\/2020\/04\/logo-maya-tr.png","contentUrl":"https:\/\/mayacaffe.it\/wp-content\/uploads\/2020\/04\/logo-maya-tr.png","width":198,"height":198,"caption":"Torrefazione Caff\u00e8 MAYA S.A.S di Rimoldi D & C"},"image":{"@id":"https:\/\/mayacaffe.it\/fr\/#\/schema\/logo\/image\/"},"sameAs":["https:\/\/www.facebook.com\/mayacaffecomo\/"]}]}},"_links":{"self":[{"href":"https:\/\/mayacaffe.it\/fr\/wp-json\/wp\/v2\/pages\/1762","targetHints":{"allow":["GET"]}}],"collection":[{"href":"https:\/\/mayacaffe.it\/fr\/wp-json\/wp\/v2\/pages"}],"about":[{"href":"https:\/\/mayacaffe.it\/fr\/wp-json\/wp\/v2\/types\/page"}],"author":[{"embeddable":true,"href":"https:\/\/mayacaffe.it\/fr\/wp-json\/wp\/v2\/users\/1"}],"replies":[{"embeddable":true,"href":"https:\/\/mayacaffe.it\/fr\/wp-json\/wp\/v2\/comments?post=1762"}],"version-history":[{"count":7,"href":"https:\/\/mayacaffe.it\/fr\/wp-json\/wp\/v2\/pages\/1762\/revisions"}],"predecessor-version":[{"id":1801,"href":"https:\/\/mayacaffe.it\/fr\/wp-json\/wp\/v2\/pages\/1762\/revisions\/1801"}],"wp:attachment":[{"href":"https:\/\/mayacaffe.it\/fr\/wp-json\/wp\/v2\/media?parent=1762"}],"curies":[{"name":"wp","href":"https:\/\/api.w.org\/{rel}","templated":true}]}}