{"id":2514,"date":"2021-09-19T03:12:23","date_gmt":"2021-09-19T01:12:23","guid":{"rendered":"https:\/\/mayacaffe.it\/magasin-en-ligne\/"},"modified":"2021-09-19T03:12:30","modified_gmt":"2021-09-19T01:12:30","slug":"magasin-en-ligne","status":"publish","type":"page","link":"https:\/\/mayacaffe.it\/fr\/magasin-en-ligne\/","title":{"rendered":"Boutique"},"content":{"rendered":"","protected":false},"excerpt":{"rendered":"","protected":false},"author":1,"featured_media":0,"parent":0,"menu_order":0,"comment_status":"closed","ping_status":"closed","template":"","meta":{"footnotes":""},"class_list":["post-2514","page","type-page","status-publish"],"yoast_head":"<!-- This site is optimized with the Yoast SEO plugin v26.4 - https:\/\/yoast.com\/wordpress\/plugins\/seo\/ -->\n<title>Boutique - Caff\u00e8 Maya Como<\/title>\n<meta name=\"description\" content=\"A partir d&#039;aujourd&#039;hui, vous pouvez acheter tous les produits Caff\u00e8 Maya Como dans le confort de votre maison. Capsules, caf\u00e9 en grains, caf\u00e9 am\u00e9ricain ou moulu. Visitez la boutique en ligne maintenant\" \/>\n<meta name=\"robots\" content=\"index, follow, max-snippet:-1, max-image-preview:large, max-video-preview:-1\" \/>\n<link rel=\"canonical\" href=\"https:\/\/mayacaffe.it\/fr\/magasin-en-ligne\/\" \/>\n<meta property=\"og:locale\" content=\"fr_FR\" \/>\n<meta property=\"og:type\" content=\"article\" \/>\n<meta property=\"og:title\" content=\"Boutique - Caff\u00e8 Maya Como\" \/>\n<meta property=\"og:description\" content=\"A partir d&#039;aujourd&#039;hui, vous pouvez acheter tous les produits Caff\u00e8 Maya Como dans le confort de votre maison. Capsules, caf\u00e9 en grains, caf\u00e9 am\u00e9ricain ou moulu. Visitez la boutique en ligne maintenant\" \/>\n<meta property=\"og:url\" content=\"https:\/\/mayacaffe.it\/fr\/magasin-en-ligne\/\" \/>\n<meta property=\"og:site_name\" content=\"Caff\u00e8 Maya Como\" \/>\n<meta property=\"article:publisher\" content=\"https:\/\/www.facebook.com\/mayacaffecomo\/\" \/>\n<meta property=\"article:modified_time\" content=\"2021-09-19T01:12:30+00:00\" \/>\n<meta name=\"twitter:card\" content=\"summary_large_image\" \/>\n<script type=\"application\/ld+json\" class=\"yoast-schema-graph\">{\"@context\":\"https:\/\/schema.org\",\"@graph\":[{\"@type\":\"WebPage\",\"@id\":\"https:\/\/mayacaffe.it\/fr\/magasin-en-ligne\/\",\"url\":\"https:\/\/mayacaffe.it\/fr\/magasin-en-ligne\/\",\"name\":\"Boutique - Caff\u00e8 Maya Como\",\"isPartOf\":{\"@id\":\"https:\/\/mayacaffe.it\/fr\/#website\"},\"datePublished\":\"2021-09-19T01:12:23+00:00\",\"dateModified\":\"2021-09-19T01:12:30+00:00\",\"description\":\"A partir d'aujourd'hui, vous pouvez acheter tous les produits Caff\u00e8 Maya Como dans le confort de votre maison. Capsules, caf\u00e9 en grains, caf\u00e9 am\u00e9ricain ou moulu. Visitez la boutique en ligne maintenant\",\"breadcrumb\":{\"@id\":\"https:\/\/mayacaffe.it\/fr\/magasin-en-ligne\/#breadcrumb\"},\"inLanguage\":\"fr-FR\",\"potentialAction\":[{\"@type\":\"ReadAction\",\"target\":[\"https:\/\/mayacaffe.it\/fr\/magasin-en-ligne\/\"]}]},{\"@type\":\"BreadcrumbList\",\"@id\":\"https:\/\/mayacaffe.it\/fr\/magasin-en-ligne\/#breadcrumb\",\"itemListElement\":[{\"@type\":\"ListItem\",\"position\":1,\"name\":\"Home\",\"item\":\"https:\/\/mayacaffe.it\/fr\/\"},{\"@type\":\"ListItem\",\"position\":2,\"name\":\"Boutique\"}]},{\"@type\":\"WebSite\",\"@id\":\"https:\/\/mayacaffe.it\/fr\/#website\",\"url\":\"https:\/\/mayacaffe.it\/fr\/\",\"name\":\"Caff\u00e8 Maya Como\",\"description\":\"Torrefazione di Produzione Artigianale Caff\u00e8 Maya Como\",\"publisher\":{\"@id\":\"https:\/\/mayacaffe.it\/fr\/#organization\"},\"potentialAction\":[{\"@type\":\"SearchAction\",\"target\":{\"@type\":\"EntryPoint\",\"urlTemplate\":\"https:\/\/mayacaffe.it\/fr\/?s={search_term_string}\"},\"query-input\":{\"@type\":\"PropertyValueSpecification\",\"valueRequired\":true,\"valueName\":\"search_term_string\"}}],\"inLanguage\":\"fr-FR\"},{\"@type\":\"Organization\",\"@id\":\"https:\/\/mayacaffe.it\/fr\/#organization\",\"name\":\"Torrefazione Caff\u00e8 MAYA S.A.S di Rimoldi D & C\",\"url\":\"https:\/\/mayacaffe.it\/fr\/\",\"logo\":{\"@type\":\"ImageObject\",\"inLanguage\":\"fr-FR\",\"@id\":\"https:\/\/mayacaffe.it\/fr\/#\/schema\/logo\/image\/\",\"url\":\"https:\/\/mayacaffe.it\/wp-content\/uploads\/2020\/04\/logo-maya-tr.png\",\"contentUrl\":\"https:\/\/mayacaffe.it\/wp-content\/uploads\/2020\/04\/logo-maya-tr.png\",\"width\":198,\"height\":198,\"caption\":\"Torrefazione Caff\u00e8 MAYA S.A.S di Rimoldi D & C\"},\"image\":{\"@id\":\"https:\/\/mayacaffe.it\/fr\/#\/schema\/logo\/image\/\"},\"sameAs\":[\"https:\/\/www.facebook.com\/mayacaffecomo\/\"]}]}<\/script>\n<!-- \/ Yoast SEO plugin. -->","yoast_head_json":{"title":"Boutique - Caff\u00e8 Maya Como","description":"A partir d'aujourd'hui, vous pouvez acheter tous les produits Caff\u00e8 Maya Como dans le confort de votre maison. Capsules, caf\u00e9 en grains, caf\u00e9 am\u00e9ricain ou moulu. Visitez la boutique en ligne maintenant","robots":{"index":"index","follow":"follow","max-snippet":"max-snippet:-1","max-image-preview":"max-image-preview:large","max-video-preview":"max-video-preview:-1"},"canonical":"https:\/\/mayacaffe.it\/fr\/magasin-en-ligne\/","og_locale":"fr_FR","og_type":"article","og_title":"Boutique - Caff\u00e8 Maya Como","og_description":"A partir d'aujourd'hui, vous pouvez acheter tous les produits Caff\u00e8 Maya Como dans le confort de votre maison. Capsules, caf\u00e9 en grains, caf\u00e9 am\u00e9ricain ou moulu. Visitez la boutique en ligne maintenant","og_url":"https:\/\/mayacaffe.it\/fr\/magasin-en-ligne\/","og_site_name":"Caff\u00e8 Maya Como","article_publisher":"https:\/\/www.facebook.com\/mayacaffecomo\/","article_modified_time":"2021-09-19T01:12:30+00:00","twitter_card":"summary_large_image","schema":{"@context":"https:\/\/schema.org","@graph":[{"@type":"WebPage","@id":"https:\/\/mayacaffe.it\/fr\/magasin-en-ligne\/","url":"https:\/\/mayacaffe.it\/fr\/magasin-en-ligne\/","name":"Boutique - Caff\u00e8 Maya Como","isPartOf":{"@id":"https:\/\/mayacaffe.it\/fr\/#website"},"datePublished":"2021-09-19T01:12:23+00:00","dateModified":"2021-09-19T01:12:30+00:00","description":"A partir d'aujourd'hui, vous pouvez acheter tous les produits Caff\u00e8 Maya Como dans le confort de votre maison. Capsules, caf\u00e9 en grains, caf\u00e9 am\u00e9ricain ou moulu. Visitez la boutique en ligne maintenant","breadcrumb":{"@id":"https:\/\/mayacaffe.it\/fr\/magasin-en-ligne\/#breadcrumb"},"inLanguage":"fr-FR","potentialAction":[{"@type":"ReadAction","target":["https:\/\/mayacaffe.it\/fr\/magasin-en-ligne\/"]}]},{"@type":"BreadcrumbList","@id":"https:\/\/mayacaffe.it\/fr\/magasin-en-ligne\/#breadcrumb","itemListElement":[{"@type":"ListItem","position":1,"name":"Home","item":"https:\/\/mayacaffe.it\/fr\/"},{"@type":"ListItem","position":2,"name":"Boutique"}]},{"@type":"WebSite","@id":"https:\/\/mayacaffe.it\/fr\/#website","url":"https:\/\/mayacaffe.it\/fr\/","name":"Caff\u00e8 Maya Como","description":"Torrefazione di Produzione Artigianale Caff\u00e8 Maya Como","publisher":{"@id":"https:\/\/mayacaffe.it\/fr\/#organization"},"potentialAction":[{"@type":"SearchAction","target":{"@type":"EntryPoint","urlTemplate":"https:\/\/mayacaffe.it\/fr\/?s={search_term_string}"},"query-input":{"@type":"PropertyValueSpecification","valueRequired":true,"valueName":"search_term_string"}}],"inLanguage":"fr-FR"},{"@type":"Organization","@id":"https:\/\/mayacaffe.it\/fr\/#organization","name":"Torrefazione Caff\u00e8 MAYA S.A.S di Rimoldi D & C","url":"https:\/\/mayacaffe.it\/fr\/","logo":{"@type":"ImageObject","inLanguage":"fr-FR","@id":"https:\/\/mayacaffe.it\/fr\/#\/schema\/logo\/image\/","url":"https:\/\/mayacaffe.it\/wp-content\/uploads\/2020\/04\/logo-maya-tr.png","contentUrl":"https:\/\/mayacaffe.it\/wp-content\/uploads\/2020\/04\/logo-maya-tr.png","width":198,"height":198,"caption":"Torrefazione Caff\u00e8 MAYA S.A.S di Rimoldi D & C"},"image":{"@id":"https:\/\/mayacaffe.it\/fr\/#\/schema\/logo\/image\/"},"sameAs":["https:\/\/www.facebook.com\/mayacaffecomo\/"]}]}},"_links":{"self":[{"href":"https:\/\/mayacaffe.it\/fr\/wp-json\/wp\/v2\/pages\/2514","targetHints":{"allow":["GET"]}}],"collection":[{"href":"https:\/\/mayacaffe.it\/fr\/wp-json\/wp\/v2\/pages"}],"about":[{"href":"https:\/\/mayacaffe.it\/fr\/wp-json\/wp\/v2\/types\/page"}],"author":[{"embeddable":true,"href":"https:\/\/mayacaffe.it\/fr\/wp-json\/wp\/v2\/users\/1"}],"replies":[{"embeddable":true,"href":"https:\/\/mayacaffe.it\/fr\/wp-json\/wp\/v2\/comments?post=2514"}],"version-history":[{"count":1,"href":"https:\/\/mayacaffe.it\/fr\/wp-json\/wp\/v2\/pages\/2514\/revisions"}],"predecessor-version":[{"id":2515,"href":"https:\/\/mayacaffe.it\/fr\/wp-json\/wp\/v2\/pages\/2514\/revisions\/2515"}],"wp:attachment":[{"href":"https:\/\/mayacaffe.it\/fr\/wp-json\/wp\/v2\/media?parent=2514"}],"curies":[{"name":"wp","href":"https:\/\/api.w.org\/{rel}","templated":true}]}}